{"id":57578,"date":"2024-04-09T13:36:28","date_gmt":"2024-04-09T11:36:28","guid":{"rendered":"https:\/\/adhotelskaoprema.com\/?post_type=product&#038;p=57578"},"modified":"2024-04-09T14:09:57","modified_gmt":"2024-04-09T12:09:57","slug":"zidna-lampa-kid-map1-crne-boje","status":"publish","type":"product","link":"https:\/\/adhotelskaoprema.com\/en\/proizvod\/zidna-lampa-kid-map1-crne-boje\/","title":{"rendered":"Zidna lampa Kid map1- Crne boje"},"content":{"rendered":"<div>Metalna baza presvu\u010dena prahom. PVC difuzor s tkaninom. USB uti\u010dnica.<\/div>\n<div>Izvedba s dvije svjetiljke s fleksibilnom presvlakom od gume i integriranim prekida\u010dem.<\/div>\n<div>Zavr\u0161ne obrade baze: bijela, crna. Boje sjenila: be\u017e, bijela, crna, golubinje siva.<\/div>\n<div><\/div>\n<div class=\"product-measures\">Dimenzije: Duljina 95 x Visina 96 x \u0160irina 50 mm.<\/p>\n<div>G9 max 1 x 28W.<\/div>\n<div><\/div>\n<\/div>\n<div>Rok isporuke 15 dana.<\/div>\n","protected":false},"excerpt":{"rendered":"<p>Metalna baza presvu\u010dena prahom. PVC difuzor s tkaninom. USB uti\u010dnica. Izvedba s dvije svjetiljke s fleksibilnom presvlakom od gume i integriranim prekida\u010dem. Zavr\u0161ne obrade baze: bijela, crna. Boje sjenila: be\u017e, bijela, crna, golubinje siva. Dimenzije: Duljina 95 x Visina 96 x \u0160irina 50 mm. G9 max 1 x 28W. Rok isporuke 15 dana.<\/p>\n","protected":false},"featured_media":57581,"template":"","meta":{"_acf_changed":false},"product_brand":[],"product_cat":[276],"product_tag":[],"class_list":{"0":"post-57578","1":"product","2":"type-product","3":"status-publish","4":"has-post-thumbnail","6":"product_cat-unutarnja-rasvjeta-zidna","8":"first","9":"instock","10":"sale","11":"taxable","12":"shipping-taxable","13":"purchasable","14":"product-type-simple"},"acf":[],"_links":{"self":[{"href":"https:\/\/adhotelskaoprema.com\/en\/wp-json\/wp\/v2\/product\/57578","targetHints":{"allow":["GET"]}}],"collection":[{"href":"https:\/\/adhotelskaoprema.com\/en\/wp-json\/wp\/v2\/product"}],"about":[{"href":"https:\/\/adhotelskaoprema.com\/en\/wp-json\/wp\/v2\/types\/product"}],"wp:featuredmedia":[{"embeddable":true,"href":"https:\/\/adhotelskaoprema.com\/en\/wp-json\/wp\/v2\/media\/57581"}],"wp:attachment":[{"href":"https:\/\/adhotelskaoprema.com\/en\/wp-json\/wp\/v2\/media?parent=57578"}],"wp:term":[{"taxonomy":"product_brand","embeddable":true,"href":"https:\/\/adhotelskaoprema.com\/en\/wp-json\/wp\/v2\/product_brand?post=57578"},{"taxonomy":"product_cat","embeddable":true,"href":"https:\/\/adhotelskaoprema.com\/en\/wp-json\/wp\/v2\/product_cat?post=57578"},{"taxonomy":"product_tag","embeddable":true,"href":"https:\/\/adhotelskaoprema.com\/en\/wp-json\/wp\/v2\/product_tag?post=57578"}],"curies":[{"name":"wp","href":"https:\/\/api.w.org\/{rel}","templated":true}]}}