{"id":57576,"date":"2024-04-09T13:34:02","date_gmt":"2024-04-09T11:34:02","guid":{"rendered":"https:\/\/adhotelskaoprema.com\/?post_type=product&#038;p=57576"},"modified":"2024-04-09T14:09:58","modified_gmt":"2024-04-09T12:09:58","slug":"zidna-lampa-kid-map2-bijele-boje","status":"publish","type":"product","link":"https:\/\/adhotelskaoprema.com\/en\/proizvod\/zidna-lampa-kid-map2-bijele-boje\/","title":{"rendered":"Zidna lampa Kid map2- Bijele boje"},"content":{"rendered":"<div>Metalna baza presvu\u010dena prahom. PVC difuzor s tkaninom. USB uti\u010dnica.<\/div>\n<div>Izvedba s dvije svjetiljke s fleksibilnom presvlakom od gume i integriranim prekida\u010dem.<\/div>\n<div>Zavr\u0161ne obrade baze: bijela, crna. Boje sjenila: be\u017e, bijela, crna, golubinje siva.<\/div>\n<div><\/div>\n<div class=\"product-measures\">Dimenzije: Duljina 95 x Visina 106 x Promjer 230 mm.<\/div>\n<div>Rok isporuke 15 dana.<\/div>\n","protected":false},"excerpt":{"rendered":"<p>Metalna baza presvu\u010dena prahom. PVC difuzor s tkaninom. USB uti\u010dnica. Izvedba s dvije svjetiljke s fleksibilnom presvlakom od gume i integriranim prekida\u010dem. Zavr\u0161ne obrade baze: bijela, crna. Boje sjenila: be\u017e, bijela, crna, golubinje siva. Dimenzije: Duljina 95 x Visina 106 x Promjer 230 mm. Rok isporuke 15 dana.<\/p>\n","protected":false},"featured_media":57582,"template":"","meta":{"_acf_changed":false},"product_brand":[],"product_cat":[276],"product_tag":[],"class_list":{"0":"post-57576","1":"product","2":"type-product","3":"status-publish","4":"has-post-thumbnail","6":"product_cat-unutarnja-rasvjeta-zidna","8":"first","9":"instock","10":"sale","11":"taxable","12":"shipping-taxable","13":"purchasable","14":"product-type-simple"},"acf":[],"_links":{"self":[{"href":"https:\/\/adhotelskaoprema.com\/en\/wp-json\/wp\/v2\/product\/57576","targetHints":{"allow":["GET"]}}],"collection":[{"href":"https:\/\/adhotelskaoprema.com\/en\/wp-json\/wp\/v2\/product"}],"about":[{"href":"https:\/\/adhotelskaoprema.com\/en\/wp-json\/wp\/v2\/types\/product"}],"wp:featuredmedia":[{"embeddable":true,"href":"https:\/\/adhotelskaoprema.com\/en\/wp-json\/wp\/v2\/media\/57582"}],"wp:attachment":[{"href":"https:\/\/adhotelskaoprema.com\/en\/wp-json\/wp\/v2\/media?parent=57576"}],"wp:term":[{"taxonomy":"product_brand","embeddable":true,"href":"https:\/\/adhotelskaoprema.com\/en\/wp-json\/wp\/v2\/product_brand?post=57576"},{"taxonomy":"product_cat","embeddable":true,"href":"https:\/\/adhotelskaoprema.com\/en\/wp-json\/wp\/v2\/product_cat?post=57576"},{"taxonomy":"product_tag","embeddable":true,"href":"https:\/\/adhotelskaoprema.com\/en\/wp-json\/wp\/v2\/product_tag?post=57576"}],"curies":[{"name":"wp","href":"https:\/\/api.w.org\/{rel}","templated":true}]}}