{"id":57546,"date":"2024-04-09T12:49:56","date_gmt":"2024-04-09T10:49:56","guid":{"rendered":"https:\/\/adhotelskaoprema.com\/?post_type=product&#038;p=57546"},"modified":"2024-04-09T14:10:01","modified_gmt":"2024-04-09T12:10:01","slug":"zidna-lampa-tick-ap-bijele-boje","status":"publish","type":"product","link":"https:\/\/adhotelskaoprema.com\/en\/proizvod\/zidna-lampa-tick-ap-bijele-boje\/","title":{"rendered":"Zidna lampa Tick ap- Bijele boje"},"content":{"rendered":"<div><span>Metalno ku\u0107i\u0161te presvu\u010deno prahom sa zlatnim ili srebrnim zavr\u0161nim slojem.<\/span><\/div>\n<div><span> Difuzor se mo\u017ee nagnuti do 90\u00b0.<\/span><\/div>\n<div><\/div>\n<div class=\"product-measures\"><span>Dimenzije: \u00d8 180 x P 70 mm<\/span><\/div>\n<div><\/div>\n<div>Rok isporuke 15 dana.<\/div>\n","protected":false},"excerpt":{"rendered":"<p>Metalno ku\u0107i\u0161te presvu\u010deno prahom sa zlatnim ili srebrnim zavr\u0161nim slojem. Difuzor se mo\u017ee nagnuti do 90\u00b0. Dimenzije: \u00d8 180 x P 70 mm Rok isporuke 15 dana.<\/p>\n","protected":false},"featured_media":57550,"template":"","meta":{"_acf_changed":false},"product_brand":[],"product_cat":[276],"product_tag":[],"class_list":{"0":"post-57546","1":"product","2":"type-product","3":"status-publish","4":"has-post-thumbnail","6":"product_cat-unutarnja-rasvjeta-zidna","8":"first","9":"instock","10":"sale","11":"taxable","12":"shipping-taxable","13":"purchasable","14":"product-type-simple"},"acf":[],"_links":{"self":[{"href":"https:\/\/adhotelskaoprema.com\/en\/wp-json\/wp\/v2\/product\/57546","targetHints":{"allow":["GET"]}}],"collection":[{"href":"https:\/\/adhotelskaoprema.com\/en\/wp-json\/wp\/v2\/product"}],"about":[{"href":"https:\/\/adhotelskaoprema.com\/en\/wp-json\/wp\/v2\/types\/product"}],"wp:featuredmedia":[{"embeddable":true,"href":"https:\/\/adhotelskaoprema.com\/en\/wp-json\/wp\/v2\/media\/57550"}],"wp:attachment":[{"href":"https:\/\/adhotelskaoprema.com\/en\/wp-json\/wp\/v2\/media?parent=57546"}],"wp:term":[{"taxonomy":"product_brand","embeddable":true,"href":"https:\/\/adhotelskaoprema.com\/en\/wp-json\/wp\/v2\/product_brand?post=57546"},{"taxonomy":"product_cat","embeddable":true,"href":"https:\/\/adhotelskaoprema.com\/en\/wp-json\/wp\/v2\/product_cat?post=57546"},{"taxonomy":"product_tag","embeddable":true,"href":"https:\/\/adhotelskaoprema.com\/en\/wp-json\/wp\/v2\/product_tag?post=57546"}],"curies":[{"name":"wp","href":"https:\/\/api.w.org\/{rel}","templated":true}]}}