{"id":57543,"date":"2024-04-09T12:37:04","date_gmt":"2024-04-09T10:37:04","guid":{"rendered":"https:\/\/adhotelskaoprema.com\/?post_type=product&#038;p=57543"},"modified":"2024-04-09T14:10:02","modified_gmt":"2024-04-09T12:10:02","slug":"zidna-lampa-shower-ap1","status":"publish","type":"product","link":"https:\/\/adhotelskaoprema.com\/en\/proizvod\/zidna-lampa-shower-ap1\/","title":{"rendered":"Zidna lampa Shower ap1"},"content":{"rendered":"<div><span>Crni mat lakirani metalni okvir. Zglobni kromirani element. <\/span><\/div>\n<div><span>Podesivi difuzor. Kabel za napajanje presvu\u010den tkaninom s uklju\u010denim prekida\u010dem i utika\u010dem.<\/span><\/div>\n<div><\/div>\n<div class=\"product-measures\"><span>Dimenzije: Duljina 160 x Visina 890 x Du\u017eina 350 mm.<\/span><\/div>\n<div>Rok isporuke 15 dana.<\/div>\n","protected":false},"excerpt":{"rendered":"<p>Crni mat lakirani metalni okvir. Zglobni kromirani element. Podesivi difuzor. Kabel za napajanje presvu\u010den tkaninom s uklju\u010denim prekida\u010dem i utika\u010dem. Dimenzije: Duljina 160 x Visina 890 x Du\u017eina 350 mm. Rok isporuke 15 dana.<\/p>\n","protected":false},"featured_media":57545,"template":"","meta":{"_acf_changed":false},"product_brand":[],"product_cat":[276],"product_tag":[],"class_list":{"0":"post-57543","1":"product","2":"type-product","3":"status-publish","4":"has-post-thumbnail","6":"product_cat-unutarnja-rasvjeta-zidna","8":"first","9":"instock","10":"sale","11":"taxable","12":"shipping-taxable","13":"purchasable","14":"product-type-simple"},"acf":[],"_links":{"self":[{"href":"https:\/\/adhotelskaoprema.com\/en\/wp-json\/wp\/v2\/product\/57543","targetHints":{"allow":["GET"]}}],"collection":[{"href":"https:\/\/adhotelskaoprema.com\/en\/wp-json\/wp\/v2\/product"}],"about":[{"href":"https:\/\/adhotelskaoprema.com\/en\/wp-json\/wp\/v2\/types\/product"}],"wp:featuredmedia":[{"embeddable":true,"href":"https:\/\/adhotelskaoprema.com\/en\/wp-json\/wp\/v2\/media\/57545"}],"wp:attachment":[{"href":"https:\/\/adhotelskaoprema.com\/en\/wp-json\/wp\/v2\/media?parent=57543"}],"wp:term":[{"taxonomy":"product_brand","embeddable":true,"href":"https:\/\/adhotelskaoprema.com\/en\/wp-json\/wp\/v2\/product_brand?post=57543"},{"taxonomy":"product_cat","embeddable":true,"href":"https:\/\/adhotelskaoprema.com\/en\/wp-json\/wp\/v2\/product_cat?post=57543"},{"taxonomy":"product_tag","embeddable":true,"href":"https:\/\/adhotelskaoprema.com\/en\/wp-json\/wp\/v2\/product_tag?post=57543"}],"curies":[{"name":"wp","href":"https:\/\/api.w.org\/{rel}","templated":true}]}}