{"id":5751,"date":"2024-02-05T10:21:12","date_gmt":"2024-02-05T09:21:12","guid":{"rendered":"https:\/\/adhotelskaoprema.com\/proizvod\/plasticna-casa-u-foliji-100-komada\/"},"modified":"2024-11-27T15:15:52","modified_gmt":"2024-11-27T14:15:52","slug":"plasticna-casa-u-foliji-100-komada","status":"publish","type":"product","link":"https:\/\/adhotelskaoprema.com\/en\/proizvod\/plasticna-casa-u-foliji-100-komada\/","title":{"rendered":"Plasti\u010dna \u010da\u0161a u foliji (100 komada)"},"content":{"rendered":"<p>Plasti\u010dna \u010da\u0161a u foliji<\/p>\n<p>Paket sadr\u017ei 100 kom.<\/p>\n<p>Kapacitet: 200ml<\/p>\n<p>&nbsp;<\/p>\n","protected":false},"excerpt":{"rendered":"<p>Plasti\u010dna \u010da\u0161a u foliji Paket sadr\u017ei 100 kom. Kapacitet: 200ml &nbsp;<\/p>\n","protected":false},"featured_media":455,"template":"","meta":{"_acf_changed":false},"product_brand":[],"product_cat":[268],"product_tag":[],"class_list":{"0":"post-5751","1":"product","2":"type-product","3":"status-publish","4":"has-post-thumbnail","6":"product_cat-hotelska-kozmetika","8":"first","9":"outofstock","10":"sale","11":"taxable","12":"shipping-taxable","13":"purchasable","14":"product-type-simple"},"acf":[],"_links":{"self":[{"href":"https:\/\/adhotelskaoprema.com\/en\/wp-json\/wp\/v2\/product\/5751","targetHints":{"allow":["GET"]}}],"collection":[{"href":"https:\/\/adhotelskaoprema.com\/en\/wp-json\/wp\/v2\/product"}],"about":[{"href":"https:\/\/adhotelskaoprema.com\/en\/wp-json\/wp\/v2\/types\/product"}],"wp:featuredmedia":[{"embeddable":true,"href":"https:\/\/adhotelskaoprema.com\/en\/wp-json\/wp\/v2\/media\/455"}],"wp:attachment":[{"href":"https:\/\/adhotelskaoprema.com\/en\/wp-json\/wp\/v2\/media?parent=5751"}],"wp:term":[{"taxonomy":"product_brand","embeddable":true,"href":"https:\/\/adhotelskaoprema.com\/en\/wp-json\/wp\/v2\/product_brand?post=5751"},{"taxonomy":"product_cat","embeddable":true,"href":"https:\/\/adhotelskaoprema.com\/en\/wp-json\/wp\/v2\/product_cat?post=5751"},{"taxonomy":"product_tag","embeddable":true,"href":"https:\/\/adhotelskaoprema.com\/en\/wp-json\/wp\/v2\/product_tag?post=5751"}],"curies":[{"name":"wp","href":"https:\/\/api.w.org\/{rel}","templated":true}]}}