{"id":5749,"date":"2024-02-05T10:21:12","date_gmt":"2024-02-05T09:21:12","guid":{"rendered":"https:\/\/adhotelskaoprema.com\/proizvod\/nadlozak-za-madrac-sirine-180cm\/"},"modified":"2024-02-05T10:21:20","modified_gmt":"2024-02-05T09:21:20","slug":"nadlozak-za-madrac-sirine-180cm","status":"publish","type":"product","link":"https:\/\/adhotelskaoprema.com\/en\/proizvod\/nadlozak-za-madrac-sirine-180cm\/","title":{"rendered":"Nadlo\u017eak za madrac \u0161irine 180cm"},"content":{"rendered":"<p>Nadlo\u017eak za madrac \u0161irine 180 cm<\/p>\n<p>Grama\u017ea: 300g\/m2<\/p>\n<p>DIMENZIJE: 180 x 200cm<\/p>\n<p>Kvaliteta: za 4 i 5 zvijezdica.<\/p>\n<p>made in Croatia<\/p>\n","protected":false},"excerpt":{"rendered":"<p>Nadlo\u017eak za madrac \u0161irine 180 cm Grama\u017ea: 300g\/m2 DIMENZIJE: 180 x 200cm Kvaliteta: za 4 i 5 zvijezdica. made in Croatia<\/p>\n","protected":false},"featured_media":449,"template":"","meta":{"_acf_changed":false},"product_brand":[],"product_cat":[24],"product_tag":[],"class_list":{"0":"post-5749","1":"product","2":"type-product","3":"status-publish","4":"has-post-thumbnail","6":"product_cat-posteljina-za-krevet-180-x-200-cm","8":"first","9":"instock","10":"sale","11":"taxable","12":"shipping-taxable","13":"purchasable","14":"product-type-simple"},"acf":[],"_links":{"self":[{"href":"https:\/\/adhotelskaoprema.com\/en\/wp-json\/wp\/v2\/product\/5749","targetHints":{"allow":["GET"]}}],"collection":[{"href":"https:\/\/adhotelskaoprema.com\/en\/wp-json\/wp\/v2\/product"}],"about":[{"href":"https:\/\/adhotelskaoprema.com\/en\/wp-json\/wp\/v2\/types\/product"}],"wp:featuredmedia":[{"embeddable":true,"href":"https:\/\/adhotelskaoprema.com\/en\/wp-json\/wp\/v2\/media\/449"}],"wp:attachment":[{"href":"https:\/\/adhotelskaoprema.com\/en\/wp-json\/wp\/v2\/media?parent=5749"}],"wp:term":[{"taxonomy":"product_brand","embeddable":true,"href":"https:\/\/adhotelskaoprema.com\/en\/wp-json\/wp\/v2\/product_brand?post=5749"},{"taxonomy":"product_cat","embeddable":true,"href":"https:\/\/adhotelskaoprema.com\/en\/wp-json\/wp\/v2\/product_cat?post=5749"},{"taxonomy":"product_tag","embeddable":true,"href":"https:\/\/adhotelskaoprema.com\/en\/wp-json\/wp\/v2\/product_tag?post=5749"}],"curies":[{"name":"wp","href":"https:\/\/api.w.org\/{rel}","templated":true}]}}