{"id":57475,"date":"2024-04-09T10:25:26","date_gmt":"2024-04-09T08:25:26","guid":{"rendered":"https:\/\/adhotelskaoprema.com\/?post_type=product&#038;p=57475"},"modified":"2024-04-09T14:10:09","modified_gmt":"2024-04-09T12:10:09","slug":"zidna-lampa-komodo-2-ap-crne-boje","status":"publish","type":"product","link":"https:\/\/adhotelskaoprema.com\/en\/proizvod\/zidna-lampa-komodo-2-ap-crne-boje\/","title":{"rendered":"Zidna lampa Komodo-2 ap- Crne boje"},"content":{"rendered":"<div>Metalni okvir premazan prahom. Podesivi difuzor.<\/div>\n<div>Integrirani prekida\u010d i USB uti\u010dnica. Dostupne zavr\u0161ne obrade: bijela ili crna.<\/div>\n<div><\/div>\n<div class=\"product-measures\">Dimenzije: Duljine 190 x Visine 130 x Promjer min 75 \/ max 105 mm.<\/div>\n<div>Rok isporuke 15 dana.<\/div>\n","protected":false},"excerpt":{"rendered":"<p>Metalni okvir premazan prahom. Podesivi difuzor. Integrirani prekida\u010d i USB uti\u010dnica. Dostupne zavr\u0161ne obrade: bijela ili crna. Dimenzije: Duljine 190 x Visine 130 x Promjer min 75 \/ max 105 mm. Rok isporuke 15 dana.<\/p>\n","protected":false},"featured_media":57477,"template":"","meta":{"_acf_changed":false},"product_brand":[],"product_cat":[276],"product_tag":[],"class_list":{"0":"post-57475","1":"product","2":"type-product","3":"status-publish","4":"has-post-thumbnail","6":"product_cat-unutarnja-rasvjeta-zidna","8":"first","9":"instock","10":"sale","11":"taxable","12":"shipping-taxable","13":"purchasable","14":"product-type-simple"},"acf":[],"_links":{"self":[{"href":"https:\/\/adhotelskaoprema.com\/en\/wp-json\/wp\/v2\/product\/57475","targetHints":{"allow":["GET"]}}],"collection":[{"href":"https:\/\/adhotelskaoprema.com\/en\/wp-json\/wp\/v2\/product"}],"about":[{"href":"https:\/\/adhotelskaoprema.com\/en\/wp-json\/wp\/v2\/types\/product"}],"wp:featuredmedia":[{"embeddable":true,"href":"https:\/\/adhotelskaoprema.com\/en\/wp-json\/wp\/v2\/media\/57477"}],"wp:attachment":[{"href":"https:\/\/adhotelskaoprema.com\/en\/wp-json\/wp\/v2\/media?parent=57475"}],"wp:term":[{"taxonomy":"product_brand","embeddable":true,"href":"https:\/\/adhotelskaoprema.com\/en\/wp-json\/wp\/v2\/product_brand?post=57475"},{"taxonomy":"product_cat","embeddable":true,"href":"https:\/\/adhotelskaoprema.com\/en\/wp-json\/wp\/v2\/product_cat?post=57475"},{"taxonomy":"product_tag","embeddable":true,"href":"https:\/\/adhotelskaoprema.com\/en\/wp-json\/wp\/v2\/product_tag?post=57475"}],"curies":[{"name":"wp","href":"https:\/\/api.w.org\/{rel}","templated":true}]}}