{"id":5742,"date":"2024-02-05T10:21:12","date_gmt":"2024-02-05T09:21:12","guid":{"rendered":"https:\/\/adhotelskaoprema.com\/proizvod\/set-blackout-zastor-za-zamracenje-280-x-200-cm\/"},"modified":"2024-02-05T10:21:18","modified_gmt":"2024-02-05T09:21:18","slug":"set-blackout-zastor-za-zamracenje-280-x-200-cm","status":"publish","type":"product","link":"https:\/\/adhotelskaoprema.com\/en\/proizvod\/set-blackout-zastor-za-zamracenje-280-x-200-cm\/","title":{"rendered":"SET: Blackout zastor za zamra\u010denje 280 x\u00a0200 cm"},"content":{"rendered":"<p>BLACK OUT ZASTOR ZA ZAMRA\u010cENJE<\/p>\n<p>KOMADA: 2<\/p>\n<p>DIMENZIJE GOTOVOG ZASTORA: (\u0160 x V): 280 x\u00a0200 cm<\/p>\n<p>OPIS TKANINE: Kvalitetna tkanina hotelske namjene koja ne propu\u0161ta svjetlost, pravilnom izvedbom vodilice mogu\u0107e je izvest 98%-tno zamra\u010denje u prostoriji.<\/p>\n<p>GRAMA\u017dA TKANINE: 325 g\/m2<\/p>\n<p>BOJA: ledeno bijela<\/p>\n<p>ODR\u017dAVANJE: hladno pranje<\/p>\n<p>Na zastor se u\u0161ivava traka \u0161irine 5 cm koja \u010dini nabor od 150%.<\/p>\n<p>Kupac &#8220;nabire&#8221; zastor prema svojoj potrebi \u0161irine.<\/p>\n<p>Na traku se stavljaju kliza\u010di postoje\u0107e vodilice(karni\u0161e) kupca.<\/p>\n<p>Vodilica(karni\u0161a) nije uklju\u010dena u cijenu.<\/p>\n<p>&nbsp;<\/p>\n","protected":false},"excerpt":{"rendered":"<p>||<\/p>\n","protected":false},"featured_media":438,"template":"","meta":{"_acf_changed":false},"product_brand":[],"product_cat":[29],"product_tag":[],"class_list":{"0":"post-5742","1":"product","2":"type-product","3":"status-publish","4":"has-post-thumbnail","6":"product_cat-zastori","8":"first","9":"instock","10":"sale","11":"taxable","12":"shipping-taxable","13":"purchasable","14":"product-type-simple"},"acf":[],"_links":{"self":[{"href":"https:\/\/adhotelskaoprema.com\/en\/wp-json\/wp\/v2\/product\/5742","targetHints":{"allow":["GET"]}}],"collection":[{"href":"https:\/\/adhotelskaoprema.com\/en\/wp-json\/wp\/v2\/product"}],"about":[{"href":"https:\/\/adhotelskaoprema.com\/en\/wp-json\/wp\/v2\/types\/product"}],"wp:featuredmedia":[{"embeddable":true,"href":"https:\/\/adhotelskaoprema.com\/en\/wp-json\/wp\/v2\/media\/438"}],"wp:attachment":[{"href":"https:\/\/adhotelskaoprema.com\/en\/wp-json\/wp\/v2\/media?parent=5742"}],"wp:term":[{"taxonomy":"product_brand","embeddable":true,"href":"https:\/\/adhotelskaoprema.com\/en\/wp-json\/wp\/v2\/product_brand?post=5742"},{"taxonomy":"product_cat","embeddable":true,"href":"https:\/\/adhotelskaoprema.com\/en\/wp-json\/wp\/v2\/product_cat?post=5742"},{"taxonomy":"product_tag","embeddable":true,"href":"https:\/\/adhotelskaoprema.com\/en\/wp-json\/wp\/v2\/product_tag?post=5742"}],"curies":[{"name":"wp","href":"https:\/\/api.w.org\/{rel}","templated":true}]}}