{"id":5739,"date":"2024-02-05T10:21:12","date_gmt":"2024-02-05T09:21:12","guid":{"rendered":"https:\/\/adhotelskaoprema.com\/proizvod\/stalak-za-prtljagu\/"},"modified":"2025-03-12T06:10:02","modified_gmt":"2025-03-12T05:10:02","slug":"stalak-za-prtljagu","status":"publish","type":"product","link":"https:\/\/adhotelskaoprema.com\/en\/proizvod\/stalak-za-prtljagu\/","title":{"rendered":"Stalak za prtljagu"},"content":{"rendered":"<p>Suvremeni\u00a0kromirani cjevasti \u010deli\u010dni okvir opremljen sa trajnim crnim polipropilenskim trakama i za\u0161titnim kapama za pod.<\/p>\n<ul>\n<li>Visoki stupanj cjevasti \u010deli\u010dne konstrukcije<\/li>\n<li>Zavr\u0161na obrada: trajni krom<\/li>\n<li>Poja\u010dano crno remenje od polipropilena<\/li>\n<li>\u010cvrste zakovice &#8211; zglobni spoj<\/li>\n<li>Jednostavan sklopivi dizajn koji \u0161tedi prostor skladi\u0161tenja<\/li>\n<\/ul>\n<p>DIMENZIJE (\u0160xVxD) :\u00a068 x 51 x 43 cm<\/p>\n<p>&nbsp;<\/p>\n<p>&nbsp;<\/p>\n","protected":false},"excerpt":{"rendered":"<p>||<\/p>\n","protected":false},"featured_media":163,"template":"","meta":{"_acf_changed":false},"product_brand":[],"product_cat":[27],"product_tag":[],"class_list":{"0":"post-5739","1":"product","2":"type-product","3":"status-publish","4":"has-post-thumbnail","6":"product_cat-stalci-za-prtljagu","8":"first","9":"instock","10":"sale","11":"taxable","12":"shipping-taxable","13":"purchasable","14":"product-type-simple"},"acf":[],"_links":{"self":[{"href":"https:\/\/adhotelskaoprema.com\/en\/wp-json\/wp\/v2\/product\/5739","targetHints":{"allow":["GET"]}}],"collection":[{"href":"https:\/\/adhotelskaoprema.com\/en\/wp-json\/wp\/v2\/product"}],"about":[{"href":"https:\/\/adhotelskaoprema.com\/en\/wp-json\/wp\/v2\/types\/product"}],"wp:featuredmedia":[{"embeddable":true,"href":"https:\/\/adhotelskaoprema.com\/en\/wp-json\/wp\/v2\/media\/163"}],"wp:attachment":[{"href":"https:\/\/adhotelskaoprema.com\/en\/wp-json\/wp\/v2\/media?parent=5739"}],"wp:term":[{"taxonomy":"product_brand","embeddable":true,"href":"https:\/\/adhotelskaoprema.com\/en\/wp-json\/wp\/v2\/product_brand?post=5739"},{"taxonomy":"product_cat","embeddable":true,"href":"https:\/\/adhotelskaoprema.com\/en\/wp-json\/wp\/v2\/product_cat?post=5739"},{"taxonomy":"product_tag","embeddable":true,"href":"https:\/\/adhotelskaoprema.com\/en\/wp-json\/wp\/v2\/product_tag?post=5739"}],"curies":[{"name":"wp","href":"https:\/\/api.w.org\/{rel}","templated":true}]}}