{"id":57336,"date":"2024-04-08T13:15:44","date_gmt":"2024-04-08T11:15:44","guid":{"rendered":"https:\/\/adhotelskaoprema.com\/?post_type=product&#038;p=57336"},"modified":"2024-04-09T14:10:24","modified_gmt":"2024-04-09T12:10:24","slug":"zidna-lampa-alma-ap-d81-kromirana","status":"publish","type":"product","link":"https:\/\/adhotelskaoprema.com\/en\/proizvod\/zidna-lampa-alma-ap-d81-kromirana\/","title":{"rendered":"Zidna lampa Alma ap d81- Kromirana"},"content":{"rendered":"<div>Metalno tijelo\u00a0 mesing ili kromirani sa zavr\u0161nom obradom ili premazano bijelim prahom.<\/div>\n<div>Nepomi\u010dni plasti\u010dni difuzor u opal boji.<\/div>\n<div><\/div>\n<div class=\"product-measures\">Dimenzije: Duljina 810 x Visina 95 x \u0160irina 148 mm.<\/div>\n<div>LED 18W.<\/div>\n<div><\/div>\n<div>Rok isporuke 15 dana.<\/div>\n","protected":false},"excerpt":{"rendered":"<p>Metalno tijelo\u00a0 mesing ili kromirani sa zavr\u0161nom obradom ili premazano bijelim prahom. Nepomi\u010dni plasti\u010dni difuzor u opal boji. Dimenzije: Duljina 810 x Visina 95 x \u0160irina 148 mm. LED 18W. Rok isporuke 15 dana.<\/p>\n","protected":false},"featured_media":57347,"template":"","meta":{"_acf_changed":false},"product_brand":[],"product_cat":[276],"product_tag":[],"class_list":{"0":"post-57336","1":"product","2":"type-product","3":"status-publish","4":"has-post-thumbnail","6":"product_cat-unutarnja-rasvjeta-zidna","8":"first","9":"instock","10":"sale","11":"taxable","12":"shipping-taxable","13":"purchasable","14":"product-type-simple"},"acf":[],"_links":{"self":[{"href":"https:\/\/adhotelskaoprema.com\/en\/wp-json\/wp\/v2\/product\/57336","targetHints":{"allow":["GET"]}}],"collection":[{"href":"https:\/\/adhotelskaoprema.com\/en\/wp-json\/wp\/v2\/product"}],"about":[{"href":"https:\/\/adhotelskaoprema.com\/en\/wp-json\/wp\/v2\/types\/product"}],"wp:featuredmedia":[{"embeddable":true,"href":"https:\/\/adhotelskaoprema.com\/en\/wp-json\/wp\/v2\/media\/57347"}],"wp:attachment":[{"href":"https:\/\/adhotelskaoprema.com\/en\/wp-json\/wp\/v2\/media?parent=57336"}],"wp:term":[{"taxonomy":"product_brand","embeddable":true,"href":"https:\/\/adhotelskaoprema.com\/en\/wp-json\/wp\/v2\/product_brand?post=57336"},{"taxonomy":"product_cat","embeddable":true,"href":"https:\/\/adhotelskaoprema.com\/en\/wp-json\/wp\/v2\/product_cat?post=57336"},{"taxonomy":"product_tag","embeddable":true,"href":"https:\/\/adhotelskaoprema.com\/en\/wp-json\/wp\/v2\/product_tag?post=57336"}],"curies":[{"name":"wp","href":"https:\/\/api.w.org\/{rel}","templated":true}]}}