{"id":57274,"date":"2024-04-08T11:28:45","date_gmt":"2024-04-08T09:28:45","guid":{"rendered":"https:\/\/adhotelskaoprema.com\/?post_type=product&#038;p=57274"},"modified":"2024-04-09T14:12:40","modified_gmt":"2024-04-09T12:12:40","slug":"vanjska-podna-lampa-torre-pt1-h80-crne-boje","status":"publish","type":"product","link":"https:\/\/adhotelskaoprema.com\/en\/proizvod\/vanjska-podna-lampa-torre-pt1-h80-crne-boje\/","title":{"rendered":"Vanjska podna lampa Torre pt1 h80- Crne boje"},"content":{"rendered":"<div>Lagano tijelo od tokarenog aluminija oblo\u017eenog prahom antracit, bijele, kave, sive ili crne boje.<\/div>\n<div>Difuzor od opalnog plasti\u010dnog materijala.<\/div>\n<div><\/div>\n<div class=\"product-measures\">Dimenzije: \u00d8 180 x Visina 800 mm.<\/div>\n<div><\/div>\n<div>Rok isporuke 15 dana.<\/div>\n","protected":false},"excerpt":{"rendered":"<p>Lagano tijelo od tokarenog aluminija oblo\u017eenog prahom antracit, bijele, kave, sive ili crne boje. Difuzor od opalnog plasti\u010dnog materijala. Dimenzije: \u00d8 180 x Visina 800 mm. Rok isporuke 15 dana.<\/p>\n","protected":false},"featured_media":57303,"template":"","meta":{"_acf_changed":false},"product_brand":[],"product_cat":[291],"product_tag":[],"class_list":{"0":"post-57274","1":"product","2":"type-product","3":"status-publish","4":"has-post-thumbnail","6":"product_cat-vanjska-rasvjeta-podna","8":"first","9":"instock","10":"sale","11":"taxable","12":"shipping-taxable","13":"purchasable","14":"product-type-simple"},"acf":[],"_links":{"self":[{"href":"https:\/\/adhotelskaoprema.com\/en\/wp-json\/wp\/v2\/product\/57274","targetHints":{"allow":["GET"]}}],"collection":[{"href":"https:\/\/adhotelskaoprema.com\/en\/wp-json\/wp\/v2\/product"}],"about":[{"href":"https:\/\/adhotelskaoprema.com\/en\/wp-json\/wp\/v2\/types\/product"}],"wp:featuredmedia":[{"embeddable":true,"href":"https:\/\/adhotelskaoprema.com\/en\/wp-json\/wp\/v2\/media\/57303"}],"wp:attachment":[{"href":"https:\/\/adhotelskaoprema.com\/en\/wp-json\/wp\/v2\/media?parent=57274"}],"wp:term":[{"taxonomy":"product_brand","embeddable":true,"href":"https:\/\/adhotelskaoprema.com\/en\/wp-json\/wp\/v2\/product_brand?post=57274"},{"taxonomy":"product_cat","embeddable":true,"href":"https:\/\/adhotelskaoprema.com\/en\/wp-json\/wp\/v2\/product_cat?post=57274"},{"taxonomy":"product_tag","embeddable":true,"href":"https:\/\/adhotelskaoprema.com\/en\/wp-json\/wp\/v2\/product_tag?post=57274"}],"curies":[{"name":"wp","href":"https:\/\/api.w.org\/{rel}","templated":true}]}}