{"id":57207,"date":"2024-04-08T09:59:11","date_gmt":"2024-04-08T07:59:11","guid":{"rendered":"https:\/\/adhotelskaoprema.com\/?post_type=product&#038;p=57207"},"modified":"2024-04-09T14:12:46","modified_gmt":"2024-04-09T12:12:46","slug":"vanjska-podna-lampa-jedi-pt-h120-antracit","status":"publish","type":"product","link":"https:\/\/adhotelskaoprema.com\/en\/proizvod\/vanjska-podna-lampa-jedi-pt-h120-antracit\/","title":{"rendered":"Vanjska podna lampa Jedi pt h120- Antracit"},"content":{"rendered":"<div>Baza i tijelo od aluminija presvu\u010deni prahom. Difuzor od sjajnog poli karbonata opalne boje.<\/div>\n<div>Isporu\u010duje se s piquetom za ugradnju u zemlju. Dostupne zavr\u0161ne obrade: antracit ili crna.<\/div>\n<div><\/div>\n<div><\/div>\n<div class=\"product-measures\">Dimenzije: Duljina 25 x Visina 1205 x Promjer 25 mm.<\/div>\n<div>Rok isporuke 15 dan.<\/div>\n","protected":false},"excerpt":{"rendered":"<p>Baza i tijelo od aluminija presvu\u010deni prahom. Difuzor od sjajnog poli karbonata opalne boje. Isporu\u010duje se s piquetom za ugradnju u zemlju. Dostupne zavr\u0161ne obrade: antracit ili crna. Dimenzije: Duljina 25 x Visina 1205 x Promjer 25 mm. Rok isporuke 15 dan.<\/p>\n","protected":false},"featured_media":57212,"template":"","meta":{"_acf_changed":false},"product_brand":[],"product_cat":[291],"product_tag":[],"class_list":{"0":"post-57207","1":"product","2":"type-product","3":"status-publish","4":"has-post-thumbnail","6":"product_cat-vanjska-rasvjeta-podna","8":"first","9":"instock","10":"sale","11":"taxable","12":"shipping-taxable","13":"purchasable","14":"product-type-simple"},"acf":[],"_links":{"self":[{"href":"https:\/\/adhotelskaoprema.com\/en\/wp-json\/wp\/v2\/product\/57207","targetHints":{"allow":["GET"]}}],"collection":[{"href":"https:\/\/adhotelskaoprema.com\/en\/wp-json\/wp\/v2\/product"}],"about":[{"href":"https:\/\/adhotelskaoprema.com\/en\/wp-json\/wp\/v2\/types\/product"}],"wp:featuredmedia":[{"embeddable":true,"href":"https:\/\/adhotelskaoprema.com\/en\/wp-json\/wp\/v2\/media\/57212"}],"wp:attachment":[{"href":"https:\/\/adhotelskaoprema.com\/en\/wp-json\/wp\/v2\/media?parent=57207"}],"wp:term":[{"taxonomy":"product_brand","embeddable":true,"href":"https:\/\/adhotelskaoprema.com\/en\/wp-json\/wp\/v2\/product_brand?post=57207"},{"taxonomy":"product_cat","embeddable":true,"href":"https:\/\/adhotelskaoprema.com\/en\/wp-json\/wp\/v2\/product_cat?post=57207"},{"taxonomy":"product_tag","embeddable":true,"href":"https:\/\/adhotelskaoprema.com\/en\/wp-json\/wp\/v2\/product_tag?post=57207"}],"curies":[{"name":"wp","href":"https:\/\/api.w.org\/{rel}","templated":true}]}}