{"id":57166,"date":"2024-04-06T11:21:22","date_gmt":"2024-04-06T09:21:22","guid":{"rendered":"https:\/\/adhotelskaoprema.com\/?post_type=product&#038;p=57166"},"modified":"2024-04-09T14:12:48","modified_gmt":"2024-04-09T12:12:48","slug":"vanjska-podna-lampa-ipotesi-pt-h73-bijele-boje","status":"publish","type":"product","link":"https:\/\/adhotelskaoprema.com\/en\/proizvod\/vanjska-podna-lampa-ipotesi-pt-h73-bijele-boje\/","title":{"rendered":"Vanjska podna lampa Ipotesi pt h73- Bijele boje"},"content":{"rendered":"<div>Totalni aluminijski okvir obojen prahom. Difuzor od opalnog poli karbonata.<\/div>\n<div>Crni gumeni kabel s prekida\u010dem, vanjskim ugra\u0111enim drajverom i utika\u010dem. Boje: bijela ili crna.<\/div>\n<div><\/div>\n<div><\/div>\n<div class=\"product-measures\">Dimenzije: Duljina 350 x Visina 730 x Promjer 350 mm.<\/div>\n<div><\/div>\n<div>Rok isporuke 15 dana.<\/div>\n","protected":false},"excerpt":{"rendered":"<p>Totalni aluminijski okvir obojen prahom. Difuzor od opalnog poli karbonata. Crni gumeni kabel s prekida\u010dem, vanjskim ugra\u0111enim drajverom i utika\u010dem. Boje: bijela ili crna. Dimenzije: Duljina 350 x Visina 730 x Promjer 350 mm. Rok isporuke 15 dana.<\/p>\n","protected":false},"featured_media":57171,"template":"","meta":{"_acf_changed":false},"product_brand":[],"product_cat":[291],"product_tag":[],"class_list":{"0":"post-57166","1":"product","2":"type-product","3":"status-publish","4":"has-post-thumbnail","6":"product_cat-vanjska-rasvjeta-podna","8":"first","9":"instock","10":"sale","11":"taxable","12":"shipping-taxable","13":"purchasable","14":"product-type-simple"},"acf":[],"_links":{"self":[{"href":"https:\/\/adhotelskaoprema.com\/en\/wp-json\/wp\/v2\/product\/57166","targetHints":{"allow":["GET"]}}],"collection":[{"href":"https:\/\/adhotelskaoprema.com\/en\/wp-json\/wp\/v2\/product"}],"about":[{"href":"https:\/\/adhotelskaoprema.com\/en\/wp-json\/wp\/v2\/types\/product"}],"wp:featuredmedia":[{"embeddable":true,"href":"https:\/\/adhotelskaoprema.com\/en\/wp-json\/wp\/v2\/media\/57171"}],"wp:attachment":[{"href":"https:\/\/adhotelskaoprema.com\/en\/wp-json\/wp\/v2\/media?parent=57166"}],"wp:term":[{"taxonomy":"product_brand","embeddable":true,"href":"https:\/\/adhotelskaoprema.com\/en\/wp-json\/wp\/v2\/product_brand?post=57166"},{"taxonomy":"product_cat","embeddable":true,"href":"https:\/\/adhotelskaoprema.com\/en\/wp-json\/wp\/v2\/product_cat?post=57166"},{"taxonomy":"product_tag","embeddable":true,"href":"https:\/\/adhotelskaoprema.com\/en\/wp-json\/wp\/v2\/product_tag?post=57166"}],"curies":[{"name":"wp","href":"https:\/\/api.w.org\/{rel}","templated":true}]}}