{"id":57159,"date":"2024-04-06T10:42:51","date_gmt":"2024-04-06T08:42:51","guid":{"rendered":"https:\/\/adhotelskaoprema.com\/?post_type=product&#038;p=57159"},"modified":"2024-04-09T14:12:49","modified_gmt":"2024-04-09T12:12:49","slug":"vanjska-podna-lampa-tifone-pt-h65","status":"publish","type":"product","link":"https:\/\/adhotelskaoprema.com\/en\/proizvod\/vanjska-podna-lampa-tifone-pt-h65\/","title":{"rendered":"Vanjska podna lampa Tifone pt h65"},"content":{"rendered":"<p>Baza i okvir od tla\u010dno lijevanog aluminija presvu\u010deni prahom s antracit<\/p>\n<p>zavr\u0161nom obradom. Prozirni difuzor od kaljenog stakla. Emisija svjetlosti prema dolje.<\/p>\n<p>Dimenzije: 85 x V 655 x P 85 mm<\/p>\n<p>Rok isporuke 15 dana.<\/p>\n","protected":false},"excerpt":{"rendered":"<p>Baza i okvir od tla\u010dno lijevanog aluminija presvu\u010deni prahom s antracit zavr\u0161nom obradom. Prozirni difuzor od kaljenog stakla. Emisija svjetlosti prema dolje. Dimenzije: 85 x V 655 x P 85 mm Rok isporuke 15 dana.<\/p>\n","protected":false},"featured_media":57162,"template":"","meta":{"_acf_changed":false},"product_brand":[],"product_cat":[291],"product_tag":[],"class_list":{"0":"post-57159","1":"product","2":"type-product","3":"status-publish","4":"has-post-thumbnail","6":"product_cat-vanjska-rasvjeta-podna","8":"first","9":"instock","10":"sale","11":"taxable","12":"shipping-taxable","13":"purchasable","14":"product-type-simple"},"acf":[],"_links":{"self":[{"href":"https:\/\/adhotelskaoprema.com\/en\/wp-json\/wp\/v2\/product\/57159","targetHints":{"allow":["GET"]}}],"collection":[{"href":"https:\/\/adhotelskaoprema.com\/en\/wp-json\/wp\/v2\/product"}],"about":[{"href":"https:\/\/adhotelskaoprema.com\/en\/wp-json\/wp\/v2\/types\/product"}],"wp:featuredmedia":[{"embeddable":true,"href":"https:\/\/adhotelskaoprema.com\/en\/wp-json\/wp\/v2\/media\/57162"}],"wp:attachment":[{"href":"https:\/\/adhotelskaoprema.com\/en\/wp-json\/wp\/v2\/media?parent=57159"}],"wp:term":[{"taxonomy":"product_brand","embeddable":true,"href":"https:\/\/adhotelskaoprema.com\/en\/wp-json\/wp\/v2\/product_brand?post=57159"},{"taxonomy":"product_cat","embeddable":true,"href":"https:\/\/adhotelskaoprema.com\/en\/wp-json\/wp\/v2\/product_cat?post=57159"},{"taxonomy":"product_tag","embeddable":true,"href":"https:\/\/adhotelskaoprema.com\/en\/wp-json\/wp\/v2\/product_tag?post=57159"}],"curies":[{"name":"wp","href":"https:\/\/api.w.org\/{rel}","templated":true}]}}