{"id":57142,"date":"2024-04-04T20:40:51","date_gmt":"2024-04-04T18:40:51","guid":{"rendered":"https:\/\/adhotelskaoprema.com\/?post_type=product&#038;p=57142"},"modified":"2024-04-09T14:12:50","modified_gmt":"2024-04-09T12:12:50","slug":"vanjska-podna-lampa-path-pt-kvadrat-4000k","status":"publish","type":"product","link":"https:\/\/adhotelskaoprema.com\/en\/proizvod\/vanjska-podna-lampa-path-pt-kvadrat-4000k\/","title":{"rendered":"Vanjska podna lampa Path pt (kvadrat) 4000k"},"content":{"rendered":"<div>Ku\u0107i\u0161te od aluminija presvu\u010deno prahom.<\/div>\n<div>Poli karbonatni difuzor opalne boje. Boje: metalik antracit.<\/div>\n<div><\/div>\n<div class=\"product-measures\">Dimenzije: Duljina 180 x Visina 650 x Promjer 130 mm.<\/div>\n<div>10W<\/div>\n<div>20000 h<\/div>\n<div>4000 K<\/div>\n<div>1250 lumena<\/div>\n<div>Rok isporuke 15 dana.<\/div>\n","protected":false},"excerpt":{"rendered":"<p>Ku\u0107i\u0161te od aluminija presvu\u010deno prahom. Poli karbonatni difuzor opalne boje. Boje: metalik antracit. Dimenzije: Duljina 180 x Visina 650 x Promjer 130 mm. 10W 20000 h 4000 K 1250 lumena Rok isporuke 15 dana.<\/p>\n","protected":false},"featured_media":57149,"template":"","meta":{"_acf_changed":false},"product_brand":[],"product_cat":[291],"product_tag":[],"class_list":{"0":"post-57142","1":"product","2":"type-product","3":"status-publish","4":"has-post-thumbnail","6":"product_cat-vanjska-rasvjeta-podna","8":"first","9":"instock","10":"sale","11":"taxable","12":"shipping-taxable","13":"purchasable","14":"product-type-simple"},"acf":[],"_links":{"self":[{"href":"https:\/\/adhotelskaoprema.com\/en\/wp-json\/wp\/v2\/product\/57142","targetHints":{"allow":["GET"]}}],"collection":[{"href":"https:\/\/adhotelskaoprema.com\/en\/wp-json\/wp\/v2\/product"}],"about":[{"href":"https:\/\/adhotelskaoprema.com\/en\/wp-json\/wp\/v2\/types\/product"}],"wp:featuredmedia":[{"embeddable":true,"href":"https:\/\/adhotelskaoprema.com\/en\/wp-json\/wp\/v2\/media\/57149"}],"wp:attachment":[{"href":"https:\/\/adhotelskaoprema.com\/en\/wp-json\/wp\/v2\/media?parent=57142"}],"wp:term":[{"taxonomy":"product_brand","embeddable":true,"href":"https:\/\/adhotelskaoprema.com\/en\/wp-json\/wp\/v2\/product_brand?post=57142"},{"taxonomy":"product_cat","embeddable":true,"href":"https:\/\/adhotelskaoprema.com\/en\/wp-json\/wp\/v2\/product_cat?post=57142"},{"taxonomy":"product_tag","embeddable":true,"href":"https:\/\/adhotelskaoprema.com\/en\/wp-json\/wp\/v2\/product_tag?post=57142"}],"curies":[{"name":"wp","href":"https:\/\/api.w.org\/{rel}","templated":true}]}}