{"id":57038,"date":"2024-04-04T16:25:37","date_gmt":"2024-04-04T14:25:37","guid":{"rendered":"https:\/\/adhotelskaoprema.com\/?post_type=product&#038;p=57038"},"modified":"2024-04-09T14:13:03","modified_gmt":"2024-04-09T12:13:03","slug":"vanjska-podna-lampa-sasso-pt1-d33","status":"publish","type":"product","link":"https:\/\/adhotelskaoprema.com\/en\/proizvod\/vanjska-podna-lampa-sasso-pt1-d33\/","title":{"rendered":"Vanjska podna lampa Sasso pt1 d33"},"content":{"rendered":"<div>Plasti\u010dni difuzor opalne boje. Isporu\u010duje se s kabelom za napajanje, utika\u010dem i dr\u017ea\u010dem za postavljanje na tlo.<\/div>\n<div><\/div>\n<div class=\"product-measures\">Dimenzije: Duljina 330 x Visina 190 x \u0160irina 250 mm.<\/div>\n<div><\/div>\n<div>Rok isporuke 15 dana.<\/div>\n","protected":false},"excerpt":{"rendered":"<p>Plasti\u010dni difuzor opalne boje. Isporu\u010duje se s kabelom za napajanje, utika\u010dem i dr\u017ea\u010dem za postavljanje na tlo. Dimenzije: Duljina 330 x Visina 190 x \u0160irina 250 mm. Rok isporuke 15 dana.<\/p>\n","protected":false},"featured_media":57041,"template":"","meta":{"_acf_changed":false},"product_brand":[],"product_cat":[291],"product_tag":[],"class_list":{"0":"post-57038","1":"product","2":"type-product","3":"status-publish","4":"has-post-thumbnail","6":"product_cat-vanjska-rasvjeta-podna","8":"first","9":"instock","10":"sale","11":"taxable","12":"shipping-taxable","13":"purchasable","14":"product-type-simple"},"acf":[],"_links":{"self":[{"href":"https:\/\/adhotelskaoprema.com\/en\/wp-json\/wp\/v2\/product\/57038","targetHints":{"allow":["GET"]}}],"collection":[{"href":"https:\/\/adhotelskaoprema.com\/en\/wp-json\/wp\/v2\/product"}],"about":[{"href":"https:\/\/adhotelskaoprema.com\/en\/wp-json\/wp\/v2\/types\/product"}],"wp:featuredmedia":[{"embeddable":true,"href":"https:\/\/adhotelskaoprema.com\/en\/wp-json\/wp\/v2\/media\/57041"}],"wp:attachment":[{"href":"https:\/\/adhotelskaoprema.com\/en\/wp-json\/wp\/v2\/media?parent=57038"}],"wp:term":[{"taxonomy":"product_brand","embeddable":true,"href":"https:\/\/adhotelskaoprema.com\/en\/wp-json\/wp\/v2\/product_brand?post=57038"},{"taxonomy":"product_cat","embeddable":true,"href":"https:\/\/adhotelskaoprema.com\/en\/wp-json\/wp\/v2\/product_cat?post=57038"},{"taxonomy":"product_tag","embeddable":true,"href":"https:\/\/adhotelskaoprema.com\/en\/wp-json\/wp\/v2\/product_tag?post=57038"}],"curies":[{"name":"wp","href":"https:\/\/api.w.org\/{rel}","templated":true}]}}