{"id":57027,"date":"2024-04-04T16:11:51","date_gmt":"2024-04-04T14:11:51","guid":{"rendered":"https:\/\/adhotelskaoprema.com\/?post_type=product&#038;p=57027"},"modified":"2024-04-09T14:13:04","modified_gmt":"2024-04-09T12:13:04","slug":"vanjska-podna-lampa-doris-pt1-d58","status":"publish","type":"product","link":"https:\/\/adhotelskaoprema.com\/en\/proizvod\/vanjska-podna-lampa-doris-pt1-d58\/","title":{"rendered":"Vanjska podna lampa Doris pt1 d58"},"content":{"rendered":"<div>Vi\u0161e siv plasti\u010dni difuzor s efektom granita.<\/div>\n<div>Isporu\u010duje se s utika\u010dem i \u0161iljkom za ugradnju u zemlju.<\/div>\n<div><\/div>\n<div><\/div>\n<div class=\"product-measures\">Dimenzije: \u00d8580 x Visina 590 mm.<\/div>\n<div>Rok isporuke 15 dana.<\/div>\n","protected":false},"excerpt":{"rendered":"<p>Vi\u0161e siv plasti\u010dni difuzor s efektom granita. Isporu\u010duje se s utika\u010dem i \u0161iljkom za ugradnju u zemlju. Dimenzije: \u00d8580 x Visina 590 mm. Rok isporuke 15 dana.<\/p>\n","protected":false},"featured_media":57031,"template":"","meta":{"_acf_changed":false},"product_brand":[],"product_cat":[291],"product_tag":[],"class_list":{"0":"post-57027","1":"product","2":"type-product","3":"status-publish","4":"has-post-thumbnail","6":"product_cat-vanjska-rasvjeta-podna","8":"first","9":"instock","10":"sale","11":"taxable","12":"shipping-taxable","13":"purchasable","14":"product-type-simple"},"acf":[],"_links":{"self":[{"href":"https:\/\/adhotelskaoprema.com\/en\/wp-json\/wp\/v2\/product\/57027","targetHints":{"allow":["GET"]}}],"collection":[{"href":"https:\/\/adhotelskaoprema.com\/en\/wp-json\/wp\/v2\/product"}],"about":[{"href":"https:\/\/adhotelskaoprema.com\/en\/wp-json\/wp\/v2\/types\/product"}],"wp:featuredmedia":[{"embeddable":true,"href":"https:\/\/adhotelskaoprema.com\/en\/wp-json\/wp\/v2\/media\/57031"}],"wp:attachment":[{"href":"https:\/\/adhotelskaoprema.com\/en\/wp-json\/wp\/v2\/media?parent=57027"}],"wp:term":[{"taxonomy":"product_brand","embeddable":true,"href":"https:\/\/adhotelskaoprema.com\/en\/wp-json\/wp\/v2\/product_brand?post=57027"},{"taxonomy":"product_cat","embeddable":true,"href":"https:\/\/adhotelskaoprema.com\/en\/wp-json\/wp\/v2\/product_cat?post=57027"},{"taxonomy":"product_tag","embeddable":true,"href":"https:\/\/adhotelskaoprema.com\/en\/wp-json\/wp\/v2\/product_tag?post=57027"}],"curies":[{"name":"wp","href":"https:\/\/api.w.org\/{rel}","templated":true}]}}