{"id":57016,"date":"2024-04-04T15:59:21","date_gmt":"2024-04-04T13:59:21","guid":{"rendered":"https:\/\/adhotelskaoprema.com\/?post_type=product&#038;p=57016"},"modified":"2024-04-09T14:13:05","modified_gmt":"2024-04-09T12:13:05","slug":"vanjska-podna-lampa-djambe-pt-d55-crne-boje","status":"publish","type":"product","link":"https:\/\/adhotelskaoprema.com\/en\/proizvod\/vanjska-podna-lampa-djambe-pt-d55-crne-boje\/","title":{"rendered":"Vanjska podna lampa Djambe pt d55- Crne boje"},"content":{"rendered":"<div>Metalno tijelo oblo\u017eeno prahom. Grubi plasti\u010dni difuzor opalne boje. Emisija svjetlosti<\/div>\n<div><\/div>\n<div>prema dolje. Crni neoprenski kabel s utika\u010dem. Dostupne zavr\u0161ne obrade: kava ili crna.<\/div>\n<div><\/div>\n<div class=\"product-measures\">Dimenzije: \u00d8 550x Visina 650 mm.<\/div>\n<div><\/div>\n<div>Rok isporuke 15 dana.<\/div>\n","protected":false},"excerpt":{"rendered":"<p>Metalno tijelo oblo\u017eeno prahom. Grubi plasti\u010dni difuzor opalne boje. Emisija svjetlosti prema dolje. Crni neoprenski kabel s utika\u010dem. Dostupne zavr\u0161ne obrade: kava ili crna. Dimenzije: \u00d8 550x Visina 650 mm. Rok isporuke 15 dana.<\/p>\n","protected":false},"featured_media":57018,"template":"","meta":{"_acf_changed":false},"product_brand":[],"product_cat":[291],"product_tag":[],"class_list":{"0":"post-57016","1":"product","2":"type-product","3":"status-publish","4":"has-post-thumbnail","6":"product_cat-vanjska-rasvjeta-podna","8":"first","9":"instock","10":"sale","11":"taxable","12":"shipping-taxable","13":"purchasable","14":"product-type-simple"},"acf":[],"_links":{"self":[{"href":"https:\/\/adhotelskaoprema.com\/en\/wp-json\/wp\/v2\/product\/57016","targetHints":{"allow":["GET"]}}],"collection":[{"href":"https:\/\/adhotelskaoprema.com\/en\/wp-json\/wp\/v2\/product"}],"about":[{"href":"https:\/\/adhotelskaoprema.com\/en\/wp-json\/wp\/v2\/types\/product"}],"wp:featuredmedia":[{"embeddable":true,"href":"https:\/\/adhotelskaoprema.com\/en\/wp-json\/wp\/v2\/media\/57018"}],"wp:attachment":[{"href":"https:\/\/adhotelskaoprema.com\/en\/wp-json\/wp\/v2\/media?parent=57016"}],"wp:term":[{"taxonomy":"product_brand","embeddable":true,"href":"https:\/\/adhotelskaoprema.com\/en\/wp-json\/wp\/v2\/product_brand?post=57016"},{"taxonomy":"product_cat","embeddable":true,"href":"https:\/\/adhotelskaoprema.com\/en\/wp-json\/wp\/v2\/product_cat?post=57016"},{"taxonomy":"product_tag","embeddable":true,"href":"https:\/\/adhotelskaoprema.com\/en\/wp-json\/wp\/v2\/product_tag?post=57016"}],"curies":[{"name":"wp","href":"https:\/\/api.w.org\/{rel}","templated":true}]}}