{"id":56980,"date":"2024-04-03T17:02:23","date_gmt":"2024-04-03T15:02:23","guid":{"rendered":"https:\/\/adhotelskaoprema.com\/?post_type=product&#038;p=56980"},"modified":"2024-04-09T14:13:09","modified_gmt":"2024-04-09T12:13:09","slug":"vanjska-podna-lampa-etere-pt-3000k-antracit","status":"publish","type":"product","link":"https:\/\/adhotelskaoprema.com\/en\/proizvod\/vanjska-podna-lampa-etere-pt-3000k-antracit\/","title":{"rendered":"Vanjska podna lampa Etere pt 3000k- Antracit"},"content":{"rendered":"<p>Tijelo od lijevanog aluminija obojeno prahom. Plasti\u010dni difuzor opalne boje.<\/p>\n<p>Dostupne zavr\u0161ne obrade: antracit, bijela, siva ili crna.<\/p>\n<p>Dimenzije: \u00d8 120 x Visina 605 mm.<\/p>\n<p>Rok isporuke 15 dana.<\/p>\n","protected":false},"excerpt":{"rendered":"<p>Tijelo od lijevanog aluminija obojeno prahom. Plasti\u010dni difuzor opalne boje. Dostupne zavr\u0161ne obrade: antracit, bijela, siva ili crna. Dimenzije: \u00d8 120 x Visina 605 mm. Rok isporuke 15 dana.<\/p>\n","protected":false},"featured_media":56982,"template":"","meta":{"_acf_changed":false},"product_brand":[],"product_cat":[291],"product_tag":[],"class_list":{"0":"post-56980","1":"product","2":"type-product","3":"status-publish","4":"has-post-thumbnail","6":"product_cat-vanjska-rasvjeta-podna","8":"first","9":"instock","10":"sale","11":"taxable","12":"shipping-taxable","13":"purchasable","14":"product-type-simple"},"acf":[],"_links":{"self":[{"href":"https:\/\/adhotelskaoprema.com\/en\/wp-json\/wp\/v2\/product\/56980","targetHints":{"allow":["GET"]}}],"collection":[{"href":"https:\/\/adhotelskaoprema.com\/en\/wp-json\/wp\/v2\/product"}],"about":[{"href":"https:\/\/adhotelskaoprema.com\/en\/wp-json\/wp\/v2\/types\/product"}],"wp:featuredmedia":[{"embeddable":true,"href":"https:\/\/adhotelskaoprema.com\/en\/wp-json\/wp\/v2\/media\/56982"}],"wp:attachment":[{"href":"https:\/\/adhotelskaoprema.com\/en\/wp-json\/wp\/v2\/media?parent=56980"}],"wp:term":[{"taxonomy":"product_brand","embeddable":true,"href":"https:\/\/adhotelskaoprema.com\/en\/wp-json\/wp\/v2\/product_brand?post=56980"},{"taxonomy":"product_cat","embeddable":true,"href":"https:\/\/adhotelskaoprema.com\/en\/wp-json\/wp\/v2\/product_cat?post=56980"},{"taxonomy":"product_tag","embeddable":true,"href":"https:\/\/adhotelskaoprema.com\/en\/wp-json\/wp\/v2\/product_tag?post=56980"}],"curies":[{"name":"wp","href":"https:\/\/api.w.org\/{rel}","templated":true}]}}