{"id":56898,"date":"2024-04-03T15:10:38","date_gmt":"2024-04-03T13:10:38","guid":{"rendered":"https:\/\/adhotelskaoprema.com\/?post_type=product&#038;p=56898"},"modified":"2024-04-09T14:13:18","modified_gmt":"2024-04-09T12:13:18","slug":"vanjska-podna-lampa-gas-pt1-antracit","status":"publish","type":"product","link":"https:\/\/adhotelskaoprema.com\/en\/proizvod\/vanjska-podna-lampa-gas-pt1-antracit\/","title":{"rendered":"Vanjska podna lampa Gas pt1- Antracit"},"content":{"rendered":"<div>Tijelo od tla\u010dno lijevanog aluminija presvu\u010deno prahom. Difuzor od kaljenog i pjeskarenog<\/div>\n<div>prozirnog stakla. Dostupne zavr\u0161ne obrade: antracit, bijela, siva ili crna.<\/div>\n<div><\/div>\n<div class=\"product-measures\">Dimenzije: Duljina 115 x Visina 205 x Promjer 800 mm.<\/div>\n<div><\/div>\n<div>Rok isporuke 15 dana.<\/div>\n","protected":false},"excerpt":{"rendered":"<p>Tijelo od tla\u010dno lijevanog aluminija presvu\u010deno prahom. Difuzor od kaljenog i pjeskarenog prozirnog stakla. Dostupne zavr\u0161ne obrade: antracit, bijela, siva ili crna. Dimenzije: Duljina 115 x Visina 205 x Promjer 800 mm. Rok isporuke 15 dana.<\/p>\n","protected":false},"featured_media":56901,"template":"","meta":{"_acf_changed":false},"product_brand":[],"product_cat":[291],"product_tag":[],"class_list":{"0":"post-56898","1":"product","2":"type-product","3":"status-publish","4":"has-post-thumbnail","6":"product_cat-vanjska-rasvjeta-podna","8":"first","9":"instock","10":"sale","11":"taxable","12":"shipping-taxable","13":"purchasable","14":"product-type-simple"},"acf":[],"_links":{"self":[{"href":"https:\/\/adhotelskaoprema.com\/en\/wp-json\/wp\/v2\/product\/56898","targetHints":{"allow":["GET"]}}],"collection":[{"href":"https:\/\/adhotelskaoprema.com\/en\/wp-json\/wp\/v2\/product"}],"about":[{"href":"https:\/\/adhotelskaoprema.com\/en\/wp-json\/wp\/v2\/types\/product"}],"wp:featuredmedia":[{"embeddable":true,"href":"https:\/\/adhotelskaoprema.com\/en\/wp-json\/wp\/v2\/media\/56901"}],"wp:attachment":[{"href":"https:\/\/adhotelskaoprema.com\/en\/wp-json\/wp\/v2\/media?parent=56898"}],"wp:term":[{"taxonomy":"product_brand","embeddable":true,"href":"https:\/\/adhotelskaoprema.com\/en\/wp-json\/wp\/v2\/product_brand?post=56898"},{"taxonomy":"product_cat","embeddable":true,"href":"https:\/\/adhotelskaoprema.com\/en\/wp-json\/wp\/v2\/product_cat?post=56898"},{"taxonomy":"product_tag","embeddable":true,"href":"https:\/\/adhotelskaoprema.com\/en\/wp-json\/wp\/v2\/product_tag?post=56898"}],"curies":[{"name":"wp","href":"https:\/\/api.w.org\/{rel}","templated":true}]}}