{"id":56881,"date":"2024-04-03T14:29:32","date_gmt":"2024-04-03T12:29:32","guid":{"rendered":"https:\/\/adhotelskaoprema.com\/?post_type=product&#038;p=56881"},"modified":"2024-04-09T14:13:19","modified_gmt":"2024-04-09T12:13:19","slug":"vanjska-podna-lampa-clio-mpt2-bijele-boje","status":"publish","type":"product","link":"https:\/\/adhotelskaoprema.com\/en\/proizvod\/vanjska-podna-lampa-clio-mpt2-bijele-boje\/","title":{"rendered":"Vanjska podna lampa Clio mpt2- Bijele boje"},"content":{"rendered":"<p>Modularna armatura s tokarenim aluminijskim okvirom, zavr\u0161nom obradom antracit, bijele, sive i crne.<\/p>\n<p>Plasti\u010dni difuzor s mat bijelom zavr\u0161nom obradom.<\/p>\n<p>Dimenzije: Duljina 575 x Visina 1970 x Du\u017eina 200 mm.<\/p>\n<p>Rok isporuke 15 dana.<\/p>\n","protected":false},"excerpt":{"rendered":"<p>Modularna armatura s tokarenim aluminijskim okvirom, zavr\u0161nom obradom antracit, bijele, sive i crne. Plasti\u010dni difuzor s mat bijelom zavr\u0161nom obradom. Dimenzije: Duljina 575 x Visina 1970 x Du\u017eina 200 mm. Rok isporuke 15 dana.<\/p>\n","protected":false},"featured_media":56891,"template":"","meta":{"_acf_changed":false},"product_brand":[],"product_cat":[291],"product_tag":[],"class_list":{"0":"post-56881","1":"product","2":"type-product","3":"status-publish","4":"has-post-thumbnail","6":"product_cat-vanjska-rasvjeta-podna","8":"first","9":"instock","10":"sale","11":"taxable","12":"shipping-taxable","13":"purchasable","14":"product-type-simple"},"acf":[],"_links":{"self":[{"href":"https:\/\/adhotelskaoprema.com\/en\/wp-json\/wp\/v2\/product\/56881","targetHints":{"allow":["GET"]}}],"collection":[{"href":"https:\/\/adhotelskaoprema.com\/en\/wp-json\/wp\/v2\/product"}],"about":[{"href":"https:\/\/adhotelskaoprema.com\/en\/wp-json\/wp\/v2\/types\/product"}],"wp:featuredmedia":[{"embeddable":true,"href":"https:\/\/adhotelskaoprema.com\/en\/wp-json\/wp\/v2\/media\/56891"}],"wp:attachment":[{"href":"https:\/\/adhotelskaoprema.com\/en\/wp-json\/wp\/v2\/media?parent=56881"}],"wp:term":[{"taxonomy":"product_brand","embeddable":true,"href":"https:\/\/adhotelskaoprema.com\/en\/wp-json\/wp\/v2\/product_brand?post=56881"},{"taxonomy":"product_cat","embeddable":true,"href":"https:\/\/adhotelskaoprema.com\/en\/wp-json\/wp\/v2\/product_cat?post=56881"},{"taxonomy":"product_tag","embeddable":true,"href":"https:\/\/adhotelskaoprema.com\/en\/wp-json\/wp\/v2\/product_tag?post=56881"}],"curies":[{"name":"wp","href":"https:\/\/api.w.org\/{rel}","templated":true}]}}