{"id":56869,"date":"2024-04-03T13:55:06","date_gmt":"2024-04-03T11:55:06","guid":{"rendered":"https:\/\/adhotelskaoprema.com\/?post_type=product&#038;p=56869"},"modified":"2024-04-09T14:13:22","modified_gmt":"2024-04-09T12:13:22","slug":"vanjska-podna-lampa-luna-pt1-d30","status":"publish","type":"product","link":"https:\/\/adhotelskaoprema.com\/en\/proizvod\/vanjska-podna-lampa-luna-pt1-d30\/","title":{"rendered":"Vanjska podna lampa Luna pt1 d30"},"content":{"rendered":"<div><\/div>\n<div><span>Opal boje plasti\u010dni okvir-difuzor. <\/span><\/div>\n<div><span>Isporu\u010duje se s kabelom za napajanje, <\/span><span>utika\u010dem i dr\u017ea\u010dem za postavljanje na tlo.<\/span><\/div>\n<div><\/div>\n<div class=\"product-measures\"><span>Dimenzije: Duljina 300 x Visina 300 x Promjer 300 mm.<\/span><\/div>\n<div><\/div>\n<div>Rok isporuke 15 dana.<\/div>\n","protected":false},"excerpt":{"rendered":"<p>Opal boje plasti\u010dni okvir-difuzor. Isporu\u010duje se s kabelom za napajanje, utika\u010dem i dr\u017ea\u010dem za postavljanje na tlo. Dimenzije: Duljina 300 x Visina 300 x Promjer 300 mm. Rok isporuke 15 dana.<\/p>\n","protected":false},"featured_media":56873,"template":"","meta":{"_acf_changed":false},"product_brand":[],"product_cat":[291],"product_tag":[],"class_list":{"0":"post-56869","1":"product","2":"type-product","3":"status-publish","4":"has-post-thumbnail","6":"product_cat-vanjska-rasvjeta-podna","8":"first","9":"instock","10":"sale","11":"taxable","12":"shipping-taxable","13":"purchasable","14":"product-type-simple"},"acf":[],"_links":{"self":[{"href":"https:\/\/adhotelskaoprema.com\/en\/wp-json\/wp\/v2\/product\/56869","targetHints":{"allow":["GET"]}}],"collection":[{"href":"https:\/\/adhotelskaoprema.com\/en\/wp-json\/wp\/v2\/product"}],"about":[{"href":"https:\/\/adhotelskaoprema.com\/en\/wp-json\/wp\/v2\/types\/product"}],"wp:featuredmedia":[{"embeddable":true,"href":"https:\/\/adhotelskaoprema.com\/en\/wp-json\/wp\/v2\/media\/56873"}],"wp:attachment":[{"href":"https:\/\/adhotelskaoprema.com\/en\/wp-json\/wp\/v2\/media?parent=56869"}],"wp:term":[{"taxonomy":"product_brand","embeddable":true,"href":"https:\/\/adhotelskaoprema.com\/en\/wp-json\/wp\/v2\/product_brand?post=56869"},{"taxonomy":"product_cat","embeddable":true,"href":"https:\/\/adhotelskaoprema.com\/en\/wp-json\/wp\/v2\/product_cat?post=56869"},{"taxonomy":"product_tag","embeddable":true,"href":"https:\/\/adhotelskaoprema.com\/en\/wp-json\/wp\/v2\/product_tag?post=56869"}],"curies":[{"name":"wp","href":"https:\/\/api.w.org\/{rel}","templated":true}]}}