{"id":56853,"date":"2024-04-03T12:56:37","date_gmt":"2024-04-03T10:56:37","guid":{"rendered":"https:\/\/adhotelskaoprema.com\/?post_type=product&#038;p=56853"},"modified":"2024-04-09T14:13:23","modified_gmt":"2024-04-09T12:13:23","slug":"vanjska-podna-rasvjeta-venus-pt1-h80","status":"publish","type":"product","link":"https:\/\/adhotelskaoprema.com\/en\/proizvod\/vanjska-podna-rasvjeta-venus-pt1-h80\/","title":{"rendered":"Vanjska podna rasvjeta Venus pt1 h80"},"content":{"rendered":"<div><span>Tijelo od \u010deli\u010dne folije dostupno s antracit zavr\u0161nom obradom. <\/span><\/div>\n<div><span>Satenski akrilni gornji difuzor.<\/span><\/div>\n<div><\/div>\n<div><\/div>\n<div class=\"product-measures\"><span>Dimenzije: \u00d8 120 x V 800 mm.<\/span><\/div>\n<div><\/div>\n<div>Rok isporuke 15 dana.<\/div>\n","protected":false},"excerpt":{"rendered":"<p>Tijelo od \u010deli\u010dne folije dostupno s antracit zavr\u0161nom obradom. Satenski akrilni gornji difuzor. Dimenzije: \u00d8 120 x V 800 mm. Rok isporuke 15 dana.<\/p>\n","protected":false},"featured_media":56856,"template":"","meta":{"_acf_changed":false},"product_brand":[],"product_cat":[291],"product_tag":[],"class_list":{"0":"post-56853","1":"product","2":"type-product","3":"status-publish","4":"has-post-thumbnail","6":"product_cat-vanjska-rasvjeta-podna","8":"first","9":"instock","10":"sale","11":"taxable","12":"shipping-taxable","13":"purchasable","14":"product-type-simple"},"acf":[],"_links":{"self":[{"href":"https:\/\/adhotelskaoprema.com\/en\/wp-json\/wp\/v2\/product\/56853","targetHints":{"allow":["GET"]}}],"collection":[{"href":"https:\/\/adhotelskaoprema.com\/en\/wp-json\/wp\/v2\/product"}],"about":[{"href":"https:\/\/adhotelskaoprema.com\/en\/wp-json\/wp\/v2\/types\/product"}],"wp:featuredmedia":[{"embeddable":true,"href":"https:\/\/adhotelskaoprema.com\/en\/wp-json\/wp\/v2\/media\/56856"}],"wp:attachment":[{"href":"https:\/\/adhotelskaoprema.com\/en\/wp-json\/wp\/v2\/media?parent=56853"}],"wp:term":[{"taxonomy":"product_brand","embeddable":true,"href":"https:\/\/adhotelskaoprema.com\/en\/wp-json\/wp\/v2\/product_brand?post=56853"},{"taxonomy":"product_cat","embeddable":true,"href":"https:\/\/adhotelskaoprema.com\/en\/wp-json\/wp\/v2\/product_cat?post=56853"},{"taxonomy":"product_tag","embeddable":true,"href":"https:\/\/adhotelskaoprema.com\/en\/wp-json\/wp\/v2\/product_tag?post=56853"}],"curies":[{"name":"wp","href":"https:\/\/api.w.org\/{rel}","templated":true}]}}