{"id":56293,"date":"2024-03-28T15:24:00","date_gmt":"2024-03-28T14:24:00","guid":{"rendered":"https:\/\/adhotelskaoprema.com\/?post_type=product&#038;p=56293"},"modified":"2024-03-28T15:27:50","modified_gmt":"2024-03-28T14:27:50","slug":"fotelja-13-antracit-boje","status":"publish","type":"product","link":"https:\/\/adhotelskaoprema.com\/en\/proizvod\/fotelja-13-antracit-boje\/","title":{"rendered":"Fotelja 13 &#8211; Antracit boje"},"content":{"rendered":"<p>Slo\u017eiva fotelja za vanjsku i unutarnju upotrebu. Lakirani aluminij. Tekstilna tkanina. Jednostavan za odr\u017eavanje, antibakterijski, otporan na vlagu. Neklizaju\u0107e kapice. Nasloni za ruke od eko drveta. Vrlo lako se \u010disti i dezinficira. Proizvod za javnu i doma\u0107u uporabu.<\/p>\n<p>Dimenzije: visina 82 x \u0161irina 51 x dubina 55 cm.<\/p>\n<p>Rok isporuke 4- 5 tjedana.<\/p>\n","protected":false},"excerpt":{"rendered":"<p>Slo\u017eiva fotelja za vanjsku i unutarnju upotrebu. Lakirani aluminij. Tekstilna tkanina. Jednostavan za odr\u017eavanje, antibakterijski, otporan na vlagu. Neklizaju\u0107e kapice. Nasloni za ruke od eko drveta. Vrlo lako se \u010disti i dezinficira. Proizvod za javnu i doma\u0107u uporabu. Dimenzije: visina 82 x \u0161irina 51 x dubina 55 cm. Rok isporuke 4- 5 tjedana.<\/p>\n","protected":false},"featured_media":56296,"template":"","meta":{"_acf_changed":false},"product_brand":[],"product_cat":[280],"product_tag":[],"class_list":{"0":"post-56293","1":"product","2":"type-product","3":"status-publish","4":"has-post-thumbnail","6":"product_cat-vanjske-stolice","8":"first","9":"instock","10":"sale","11":"taxable","12":"shipping-taxable","13":"purchasable","14":"product-type-simple"},"acf":[],"_links":{"self":[{"href":"https:\/\/adhotelskaoprema.com\/en\/wp-json\/wp\/v2\/product\/56293","targetHints":{"allow":["GET"]}}],"collection":[{"href":"https:\/\/adhotelskaoprema.com\/en\/wp-json\/wp\/v2\/product"}],"about":[{"href":"https:\/\/adhotelskaoprema.com\/en\/wp-json\/wp\/v2\/types\/product"}],"wp:featuredmedia":[{"embeddable":true,"href":"https:\/\/adhotelskaoprema.com\/en\/wp-json\/wp\/v2\/media\/56296"}],"wp:attachment":[{"href":"https:\/\/adhotelskaoprema.com\/en\/wp-json\/wp\/v2\/media?parent=56293"}],"wp:term":[{"taxonomy":"product_brand","embeddable":true,"href":"https:\/\/adhotelskaoprema.com\/en\/wp-json\/wp\/v2\/product_brand?post=56293"},{"taxonomy":"product_cat","embeddable":true,"href":"https:\/\/adhotelskaoprema.com\/en\/wp-json\/wp\/v2\/product_cat?post=56293"},{"taxonomy":"product_tag","embeddable":true,"href":"https:\/\/adhotelskaoprema.com\/en\/wp-json\/wp\/v2\/product_tag?post=56293"}],"curies":[{"name":"wp","href":"https:\/\/api.w.org\/{rel}","templated":true}]}}