{"id":56256,"date":"2024-03-28T14:30:06","date_gmt":"2024-03-28T13:30:06","guid":{"rendered":"https:\/\/adhotelskaoprema.com\/?post_type=product&#038;p=56256"},"modified":"2024-03-28T15:27:51","modified_gmt":"2024-03-28T14:27:51","slug":"fotelja-12-moka-boje","status":"publish","type":"product","link":"https:\/\/adhotelskaoprema.com\/en\/proizvod\/fotelja-12-moka-boje\/","title":{"rendered":"Fotelja 12 &#8211; Moka boje"},"content":{"rendered":"<p>Slo\u017eiva fotelja za vanjsku i unutarnju upotrebu. Lakirani aluminij. Tekstilna tkanina. Jednostavan za odr\u017eavanje, antibakterijski, otporan na vlagu. Neklizaju\u0107e kapice. Nasloni za ruke od eko drveta. Vrlo lako se \u010disti i dezinficira. Proizvod za javnu i doma\u0107u uporabu.<\/p>\n<p>Dimenzije: visina 85 x \u0161irina 56,5 x dubina 53 cm.<\/p>\n<p>Rok isporuke 4- 5 tjedana.<\/p>\n","protected":false},"excerpt":{"rendered":"<p>Slo\u017eiva fotelja za vanjsku i unutarnju upotrebu. Lakirani aluminij. Tekstilna tkanina. Jednostavan za odr\u017eavanje, antibakterijski, otporan na vlagu. Neklizaju\u0107e kapice. Nasloni za ruke od eko drveta. Vrlo lako se \u010disti i dezinficira. Proizvod za javnu i doma\u0107u uporabu. Dimenzije: visina 85 x \u0161irina 56,5 x dubina 53 cm. Rok isporuke 4- 5 tjedana.<\/p>\n","protected":false},"featured_media":56279,"template":"","meta":{"_acf_changed":false},"product_brand":[],"product_cat":[280],"product_tag":[],"class_list":{"0":"post-56256","1":"product","2":"type-product","3":"status-publish","4":"has-post-thumbnail","6":"product_cat-vanjske-stolice","8":"first","9":"instock","10":"sale","11":"taxable","12":"shipping-taxable","13":"purchasable","14":"product-type-simple"},"acf":[],"_links":{"self":[{"href":"https:\/\/adhotelskaoprema.com\/en\/wp-json\/wp\/v2\/product\/56256","targetHints":{"allow":["GET"]}}],"collection":[{"href":"https:\/\/adhotelskaoprema.com\/en\/wp-json\/wp\/v2\/product"}],"about":[{"href":"https:\/\/adhotelskaoprema.com\/en\/wp-json\/wp\/v2\/types\/product"}],"wp:featuredmedia":[{"embeddable":true,"href":"https:\/\/adhotelskaoprema.com\/en\/wp-json\/wp\/v2\/media\/56279"}],"wp:attachment":[{"href":"https:\/\/adhotelskaoprema.com\/en\/wp-json\/wp\/v2\/media?parent=56256"}],"wp:term":[{"taxonomy":"product_brand","embeddable":true,"href":"https:\/\/adhotelskaoprema.com\/en\/wp-json\/wp\/v2\/product_brand?post=56256"},{"taxonomy":"product_cat","embeddable":true,"href":"https:\/\/adhotelskaoprema.com\/en\/wp-json\/wp\/v2\/product_cat?post=56256"},{"taxonomy":"product_tag","embeddable":true,"href":"https:\/\/adhotelskaoprema.com\/en\/wp-json\/wp\/v2\/product_tag?post=56256"}],"curies":[{"name":"wp","href":"https:\/\/api.w.org\/{rel}","templated":true}]}}