{"id":56226,"date":"2024-03-28T14:13:23","date_gmt":"2024-03-28T13:13:23","guid":{"rendered":"https:\/\/adhotelskaoprema.com\/?post_type=product&#038;p=56226"},"modified":"2024-03-28T15:27:52","modified_gmt":"2024-03-28T14:27:52","slug":"fotelja-11-taupe-boje","status":"publish","type":"product","link":"https:\/\/adhotelskaoprema.com\/en\/proizvod\/fotelja-11-taupe-boje\/","title":{"rendered":"Fotelja 11 &#8211; Taupe boje"},"content":{"rendered":"<p>Slo\u017eiva fotelja za vanjsku i unutarnju upotrebu. Lakirani aluminij. Phifertex\u00ae tkanina. Jednostavan za odr\u017eavanje, antibakterijski, otporan na vlagu. Kapice protiv klizanja. Vrlo lako se \u010disti i dezinficira. Proizvod za javnu i doma\u0107u uporabu.<\/p>\n<p>Dimenzije: visina 81 x \u0161irina 56 x dubina 56 cm.<\/p>\n<p>Rok isporuke 4- 5 tjedana.<\/p>\n","protected":false},"excerpt":{"rendered":"<p>Slo\u017eiva fotelja za vanjsku i unutarnju upotrebu. Lakirani aluminij. Phifertex\u00ae tkanina. Jednostavan za odr\u017eavanje, antibakterijski, otporan na vlagu. Kapice protiv klizanja. Vrlo lako se \u010disti i dezinficira. Proizvod za javnu i doma\u0107u uporabu. Dimenzije: visina 81 x \u0161irina 56 x dubina 56 cm. Rok isporuke 4- 5 tjedana.<\/p>\n","protected":false},"featured_media":56244,"template":"","meta":{"_acf_changed":false},"product_brand":[],"product_cat":[280],"product_tag":[],"class_list":{"0":"post-56226","1":"product","2":"type-product","3":"status-publish","4":"has-post-thumbnail","6":"product_cat-vanjske-stolice","8":"first","9":"instock","10":"sale","11":"taxable","12":"shipping-taxable","13":"purchasable","14":"product-type-simple"},"acf":[],"_links":{"self":[{"href":"https:\/\/adhotelskaoprema.com\/en\/wp-json\/wp\/v2\/product\/56226","targetHints":{"allow":["GET"]}}],"collection":[{"href":"https:\/\/adhotelskaoprema.com\/en\/wp-json\/wp\/v2\/product"}],"about":[{"href":"https:\/\/adhotelskaoprema.com\/en\/wp-json\/wp\/v2\/types\/product"}],"wp:featuredmedia":[{"embeddable":true,"href":"https:\/\/adhotelskaoprema.com\/en\/wp-json\/wp\/v2\/media\/56244"}],"wp:attachment":[{"href":"https:\/\/adhotelskaoprema.com\/en\/wp-json\/wp\/v2\/media?parent=56226"}],"wp:term":[{"taxonomy":"product_brand","embeddable":true,"href":"https:\/\/adhotelskaoprema.com\/en\/wp-json\/wp\/v2\/product_brand?post=56226"},{"taxonomy":"product_cat","embeddable":true,"href":"https:\/\/adhotelskaoprema.com\/en\/wp-json\/wp\/v2\/product_cat?post=56226"},{"taxonomy":"product_tag","embeddable":true,"href":"https:\/\/adhotelskaoprema.com\/en\/wp-json\/wp\/v2\/product_tag?post=56226"}],"curies":[{"name":"wp","href":"https:\/\/api.w.org\/{rel}","templated":true}]}}