{"id":56130,"date":"2024-03-28T13:09:48","date_gmt":"2024-03-28T12:09:48","guid":{"rendered":"https:\/\/adhotelskaoprema.com\/?post_type=product&#038;p=56130"},"modified":"2024-03-28T15:27:55","modified_gmt":"2024-03-28T14:27:55","slug":"stolice-09-olive-boje","status":"publish","type":"product","link":"https:\/\/adhotelskaoprema.com\/en\/proizvod\/stolice-09-olive-boje\/","title":{"rendered":"Stolice 09 &#8211; Olive boje"},"content":{"rendered":"<p>Slo\u017eiva stolica \/ fotelja. Polipropilen oja\u010dan staklenim vlaknima. Kapice protiv klizanja. U potpunosti se mo\u017ee reciklirati. Pogodan za vanjsku i unutarnju upotrebu. UV za\u0161tita. Vrlo lako se \u010disti i dezinficira. Proizvod za javnu i doma\u0107u uporabu.<\/p>\n<p>Dimenzije: visina 84 x \u0161irina 47 x dubina 56 cm.<\/p>\n<p>Rok isporuke 4- 5 tjedana.<\/p>\n","protected":false},"excerpt":{"rendered":"<p>Slo\u017eiva stolica \/ fotelja. Polipropilen oja\u010dan staklenim vlaknima. Kapice protiv klizanja. U potpunosti se mo\u017ee reciklirati. Pogodan za vanjsku i unutarnju upotrebu. UV za\u0161tita. Vrlo lako se \u010disti i dezinficira. Proizvod za javnu i doma\u0107u uporabu. Dimenzije: visina 84 x \u0161irina 47 x dubina 56 cm. Rok isporuke 4- 5 tjedana.<\/p>\n","protected":false},"featured_media":56155,"template":"","meta":{"_acf_changed":false},"product_brand":[],"product_cat":[280],"product_tag":[],"class_list":{"0":"post-56130","1":"product","2":"type-product","3":"status-publish","4":"has-post-thumbnail","6":"product_cat-vanjske-stolice","8":"first","9":"instock","10":"sale","11":"taxable","12":"shipping-taxable","13":"purchasable","14":"product-type-simple"},"acf":[],"_links":{"self":[{"href":"https:\/\/adhotelskaoprema.com\/en\/wp-json\/wp\/v2\/product\/56130","targetHints":{"allow":["GET"]}}],"collection":[{"href":"https:\/\/adhotelskaoprema.com\/en\/wp-json\/wp\/v2\/product"}],"about":[{"href":"https:\/\/adhotelskaoprema.com\/en\/wp-json\/wp\/v2\/types\/product"}],"wp:featuredmedia":[{"embeddable":true,"href":"https:\/\/adhotelskaoprema.com\/en\/wp-json\/wp\/v2\/media\/56155"}],"wp:attachment":[{"href":"https:\/\/adhotelskaoprema.com\/en\/wp-json\/wp\/v2\/media?parent=56130"}],"wp:term":[{"taxonomy":"product_brand","embeddable":true,"href":"https:\/\/adhotelskaoprema.com\/en\/wp-json\/wp\/v2\/product_brand?post=56130"},{"taxonomy":"product_cat","embeddable":true,"href":"https:\/\/adhotelskaoprema.com\/en\/wp-json\/wp\/v2\/product_cat?post=56130"},{"taxonomy":"product_tag","embeddable":true,"href":"https:\/\/adhotelskaoprema.com\/en\/wp-json\/wp\/v2\/product_tag?post=56130"}],"curies":[{"name":"wp","href":"https:\/\/api.w.org\/{rel}","templated":true}]}}