{"id":56117,"date":"2024-03-27T17:01:22","date_gmt":"2024-03-27T16:01:22","guid":{"rendered":"https:\/\/adhotelskaoprema.com\/?post_type=product&#038;p=56117"},"modified":"2024-03-28T15:59:09","modified_gmt":"2024-03-28T14:59:09","slug":"stolna-srednja-lampa-queen-tl1","status":"publish","type":"product","link":"https:\/\/adhotelskaoprema.com\/en\/proizvod\/stolna-srednja-lampa-queen-tl1\/","title":{"rendered":"Stolna srednja lampa Queen tl1"},"content":{"rendered":"<p>Pozla\u0107eni metalni okvir s bazom od bru\u0161enog kristala i ukrasnim elementima.<\/p>\n<p>Sjenilo od PVC folije prekriveno pro\u0161ivanim ukrasom i zlatnim \u0161ljokicama.<\/p>\n<p>Dimenzije: \u00d8 250 x visina 465 mm.<\/p>\n<p>Rok isporuke 15 dana.<\/p>\n","protected":false},"excerpt":{"rendered":"<p>Pozla\u0107eni metalni okvir s bazom od bru\u0161enog kristala i ukrasnim elementima. Sjenilo od PVC folije prekriveno pro\u0161ivanim ukrasom i zlatnim \u0161ljokicama. Dimenzije: \u00d8 250 x visina 465 mm. Rok isporuke 15 dana.<\/p>\n","protected":false},"featured_media":56120,"template":"","meta":{"_acf_changed":false},"product_brand":[],"product_cat":[277],"product_tag":[],"class_list":{"0":"post-56117","1":"product","2":"type-product","3":"status-publish","4":"has-post-thumbnail","6":"product_cat-unutarnja-rasvjeta-stolna","8":"first","9":"instock","10":"sale","11":"taxable","12":"shipping-taxable","13":"purchasable","14":"product-type-simple"},"acf":[],"_links":{"self":[{"href":"https:\/\/adhotelskaoprema.com\/en\/wp-json\/wp\/v2\/product\/56117","targetHints":{"allow":["GET"]}}],"collection":[{"href":"https:\/\/adhotelskaoprema.com\/en\/wp-json\/wp\/v2\/product"}],"about":[{"href":"https:\/\/adhotelskaoprema.com\/en\/wp-json\/wp\/v2\/types\/product"}],"wp:featuredmedia":[{"embeddable":true,"href":"https:\/\/adhotelskaoprema.com\/en\/wp-json\/wp\/v2\/media\/56120"}],"wp:attachment":[{"href":"https:\/\/adhotelskaoprema.com\/en\/wp-json\/wp\/v2\/media?parent=56117"}],"wp:term":[{"taxonomy":"product_brand","embeddable":true,"href":"https:\/\/adhotelskaoprema.com\/en\/wp-json\/wp\/v2\/product_brand?post=56117"},{"taxonomy":"product_cat","embeddable":true,"href":"https:\/\/adhotelskaoprema.com\/en\/wp-json\/wp\/v2\/product_cat?post=56117"},{"taxonomy":"product_tag","embeddable":true,"href":"https:\/\/adhotelskaoprema.com\/en\/wp-json\/wp\/v2\/product_tag?post=56117"}],"curies":[{"name":"wp","href":"https:\/\/api.w.org\/{rel}","templated":true}]}}