{"id":56112,"date":"2024-03-27T16:43:40","date_gmt":"2024-03-27T15:43:40","guid":{"rendered":"https:\/\/adhotelskaoprema.com\/?post_type=product&#038;p=56112"},"modified":"2024-03-28T15:59:10","modified_gmt":"2024-03-28T14:59:10","slug":"stolna-mala-lampa-le-roy-tl1","status":"publish","type":"product","link":"https:\/\/adhotelskaoprema.com\/en\/proizvod\/stolna-mala-lampa-le-roy-tl1\/","title":{"rendered":"Stolna mala lampa Le roy tl1"},"content":{"rendered":"<p>Kromirani metalni okvir i baza s ukrasnim elementima od bru\u0161enog kristala.<\/p>\n<p>Sjenilo od PVC folije presvu\u010deno tkaninom s pro\u0161ivanim ukrasom i srebrnim brilijantima.<\/p>\n<p>Dimenzije: \u00d8 200 x visina 365 mm.<\/p>\n<p>Rok isporuke 15 dana.<\/p>\n","protected":false},"excerpt":{"rendered":"<p>Kromirani metalni okvir i baza s ukrasnim elementima od bru\u0161enog kristala. Sjenilo od PVC folije presvu\u010deno tkaninom s pro\u0161ivanim ukrasom i srebrnim brilijantima. Dimenzije: \u00d8 200 x visina 365 mm. Rok isporuke 15 dana.<\/p>\n","protected":false},"featured_media":56115,"template":"","meta":{"_acf_changed":false},"product_brand":[],"product_cat":[277],"product_tag":[],"class_list":{"0":"post-56112","1":"product","2":"type-product","3":"status-publish","4":"has-post-thumbnail","6":"product_cat-unutarnja-rasvjeta-stolna","8":"first","9":"instock","10":"sale","11":"taxable","12":"shipping-taxable","13":"purchasable","14":"product-type-simple"},"acf":[],"_links":{"self":[{"href":"https:\/\/adhotelskaoprema.com\/en\/wp-json\/wp\/v2\/product\/56112","targetHints":{"allow":["GET"]}}],"collection":[{"href":"https:\/\/adhotelskaoprema.com\/en\/wp-json\/wp\/v2\/product"}],"about":[{"href":"https:\/\/adhotelskaoprema.com\/en\/wp-json\/wp\/v2\/types\/product"}],"wp:featuredmedia":[{"embeddable":true,"href":"https:\/\/adhotelskaoprema.com\/en\/wp-json\/wp\/v2\/media\/56115"}],"wp:attachment":[{"href":"https:\/\/adhotelskaoprema.com\/en\/wp-json\/wp\/v2\/media?parent=56112"}],"wp:term":[{"taxonomy":"product_brand","embeddable":true,"href":"https:\/\/adhotelskaoprema.com\/en\/wp-json\/wp\/v2\/product_brand?post=56112"},{"taxonomy":"product_cat","embeddable":true,"href":"https:\/\/adhotelskaoprema.com\/en\/wp-json\/wp\/v2\/product_cat?post=56112"},{"taxonomy":"product_tag","embeddable":true,"href":"https:\/\/adhotelskaoprema.com\/en\/wp-json\/wp\/v2\/product_tag?post=56112"}],"curies":[{"name":"wp","href":"https:\/\/api.w.org\/{rel}","templated":true}]}}