{"id":56073,"date":"2024-03-27T15:24:07","date_gmt":"2024-03-27T14:24:07","guid":{"rendered":"https:\/\/adhotelskaoprema.com\/?post_type=product&#038;p=56073"},"modified":"2024-03-28T15:59:15","modified_gmt":"2024-03-28T14:59:15","slug":"stolna-lampa-axel-tl1-crna","status":"publish","type":"product","link":"https:\/\/adhotelskaoprema.com\/en\/proizvod\/stolna-lampa-axel-tl1-crna\/","title":{"rendered":"Stolna lampa Axel tl1- Crna"},"content":{"rendered":"<p>Metalna baza i spojevi presvu\u010deni prahom. Drvo od prirodnog drveta. PVC sjenilo presvu\u010deno<\/p>\n<p>tkaninom mo\u017ee se pode\u0161avati po visini. PVC kabel s prekida\u010dem. Boje: bijela ili crna.<\/p>\n<p>Dimenzije: Duljina 200 x Visina 660 x Promjer 270 mm.<\/p>\n<p>Rok isporuke 15 dana.<\/p>\n","protected":false},"excerpt":{"rendered":"<p>Metalna baza i spojevi presvu\u010deni prahom. Drvo od prirodnog drveta. PVC sjenilo presvu\u010deno tkaninom mo\u017ee se pode\u0161avati po visini. PVC kabel s prekida\u010dem. Boje: bijela ili crna. Dimenzije: Duljina 200 x Visina 660 x Promjer 270 mm. Rok isporuke 15 dana.<\/p>\n","protected":false},"featured_media":56076,"template":"","meta":{"_acf_changed":false},"product_brand":[],"product_cat":[277],"product_tag":[],"class_list":{"0":"post-56073","1":"product","2":"type-product","3":"status-publish","4":"has-post-thumbnail","6":"product_cat-unutarnja-rasvjeta-stolna","8":"first","9":"instock","10":"sale","11":"taxable","12":"shipping-taxable","13":"purchasable","14":"product-type-simple"},"acf":[],"_links":{"self":[{"href":"https:\/\/adhotelskaoprema.com\/en\/wp-json\/wp\/v2\/product\/56073","targetHints":{"allow":["GET"]}}],"collection":[{"href":"https:\/\/adhotelskaoprema.com\/en\/wp-json\/wp\/v2\/product"}],"about":[{"href":"https:\/\/adhotelskaoprema.com\/en\/wp-json\/wp\/v2\/types\/product"}],"wp:featuredmedia":[{"embeddable":true,"href":"https:\/\/adhotelskaoprema.com\/en\/wp-json\/wp\/v2\/media\/56076"}],"wp:attachment":[{"href":"https:\/\/adhotelskaoprema.com\/en\/wp-json\/wp\/v2\/media?parent=56073"}],"wp:term":[{"taxonomy":"product_brand","embeddable":true,"href":"https:\/\/adhotelskaoprema.com\/en\/wp-json\/wp\/v2\/product_brand?post=56073"},{"taxonomy":"product_cat","embeddable":true,"href":"https:\/\/adhotelskaoprema.com\/en\/wp-json\/wp\/v2\/product_cat?post=56073"},{"taxonomy":"product_tag","embeddable":true,"href":"https:\/\/adhotelskaoprema.com\/en\/wp-json\/wp\/v2\/product_tag?post=56073"}],"curies":[{"name":"wp","href":"https:\/\/api.w.org\/{rel}","templated":true}]}}