{"id":56037,"date":"2024-03-27T12:00:05","date_gmt":"2024-03-27T11:00:05","guid":{"rendered":"https:\/\/adhotelskaoprema.com\/?post_type=product&#038;p=56037"},"modified":"2024-03-28T16:06:54","modified_gmt":"2024-03-28T15:06:54","slug":"reflektori-vanjski-ulex-pr-h15-source","status":"publish","type":"product","link":"https:\/\/adhotelskaoprema.com\/en\/proizvod\/reflektori-vanjski-ulex-pr-h15-source\/","title":{"rendered":"Reflektori vanjski Ulex pr h15 source"},"content":{"rendered":"<p>Orijentiraju\u0107i projektor za povr\u0161insku ugradnju, prikladan za op\u0107u ili nagla\u0161enu vanjsku rasvjetu. Tijelo od tla\u010dno lijevanog aluminija, difuzor od prozirnog stakla. Izvor svjetla s integriranim LED-om dostupan u dvije razli\u010dite snage. Indeks za\u0161tite IP65, otpornost na udarce IK06, temperatura boje 3000 K; LED vijek trajanja 50.000 h. Po izboru dostupan s bazom za o\u017ei\u010denje, piruetom za ugradnju u zemlju i ugradnjom protiv odsjaja.<\/p>\n<p>Dimenzije: Duljina 90 x Visina 150 x Promjer 60 mm.<\/p>\n<p>Rok isporuke 15 dana.<\/p>\n","protected":false},"excerpt":{"rendered":"<p>Orijentiraju\u0107i projektor za povr\u0161insku ugradnju, prikladan za op\u0107u ili nagla\u0161enu vanjsku rasvjetu. Tijelo od tla\u010dno lijevanog aluminija, difuzor od prozirnog stakla. Izvor svjetla s integriranim LED-om dostupan u dvije razli\u010dite snage. Indeks za\u0161tite IP65, otpornost na udarce IK06, temperatura boje 3000 K; LED vijek trajanja 50.000 h. Po izboru dostupan s bazom za o\u017ei\u010denje, piruetom [&hellip;]<\/p>\n","protected":false},"featured_media":56039,"template":"","meta":{"_acf_changed":false},"product_brand":[],"product_cat":[292],"product_tag":[],"class_list":{"0":"post-56037","1":"product","2":"type-product","3":"status-publish","4":"has-post-thumbnail","6":"product_cat-vanjska-rasvjeta-reflektori","8":"first","9":"instock","10":"sale","11":"taxable","12":"shipping-taxable","13":"purchasable","14":"product-type-simple"},"acf":[],"_links":{"self":[{"href":"https:\/\/adhotelskaoprema.com\/en\/wp-json\/wp\/v2\/product\/56037","targetHints":{"allow":["GET"]}}],"collection":[{"href":"https:\/\/adhotelskaoprema.com\/en\/wp-json\/wp\/v2\/product"}],"about":[{"href":"https:\/\/adhotelskaoprema.com\/en\/wp-json\/wp\/v2\/types\/product"}],"wp:featuredmedia":[{"embeddable":true,"href":"https:\/\/adhotelskaoprema.com\/en\/wp-json\/wp\/v2\/media\/56039"}],"wp:attachment":[{"href":"https:\/\/adhotelskaoprema.com\/en\/wp-json\/wp\/v2\/media?parent=56037"}],"wp:term":[{"taxonomy":"product_brand","embeddable":true,"href":"https:\/\/adhotelskaoprema.com\/en\/wp-json\/wp\/v2\/product_brand?post=56037"},{"taxonomy":"product_cat","embeddable":true,"href":"https:\/\/adhotelskaoprema.com\/en\/wp-json\/wp\/v2\/product_cat?post=56037"},{"taxonomy":"product_tag","embeddable":true,"href":"https:\/\/adhotelskaoprema.com\/en\/wp-json\/wp\/v2\/product_tag?post=56037"}],"curies":[{"name":"wp","href":"https:\/\/api.w.org\/{rel}","templated":true}]}}