{"id":55967,"date":"2024-03-27T10:34:01","date_gmt":"2024-03-27T09:34:01","guid":{"rendered":"https:\/\/adhotelskaoprema.com\/?post_type=product&#038;p=55967"},"modified":"2024-03-28T16:07:52","modified_gmt":"2024-03-28T15:07:52","slug":"vanjska-stolna-lampa-arcadia-tl1","status":"publish","type":"product","link":"https:\/\/adhotelskaoprema.com\/en\/proizvod\/vanjska-stolna-lampa-arcadia-tl1\/","title":{"rendered":"Vanjska stolna lampa Arcadia tl1"},"content":{"rendered":"<p>Baza i dr\u0161ka od metala oblo\u017eenog prahom. Bijeli PMMA difuzor.<\/p>\n<p>Neuronski kabel s utika\u010dem. Zavr\u0161ne obrade: antracit.<\/p>\n<p>Dimenzije: \u00d8 280 x Visina 529 mm.<\/p>\n<p>Rok isporuke 15 dana.<\/p>\n","protected":false},"excerpt":{"rendered":"<p>Baza i dr\u0161ka od metala oblo\u017eenog prahom. Bijeli PMMA difuzor. Neuronski kabel s utika\u010dem. Zavr\u0161ne obrade: antracit. Dimenzije: \u00d8 280 x Visina 529 mm. Rok isporuke 15 dana.<\/p>\n","protected":false},"featured_media":55969,"template":"","meta":{"_acf_changed":false},"product_brand":[],"product_cat":[290],"product_tag":[],"class_list":{"0":"post-55967","1":"product","2":"type-product","3":"status-publish","4":"has-post-thumbnail","6":"product_cat-vanjska-rasvjeta-stolna","8":"first","9":"instock","10":"sale","11":"taxable","12":"shipping-taxable","13":"purchasable","14":"product-type-simple"},"acf":[],"_links":{"self":[{"href":"https:\/\/adhotelskaoprema.com\/en\/wp-json\/wp\/v2\/product\/55967","targetHints":{"allow":["GET"]}}],"collection":[{"href":"https:\/\/adhotelskaoprema.com\/en\/wp-json\/wp\/v2\/product"}],"about":[{"href":"https:\/\/adhotelskaoprema.com\/en\/wp-json\/wp\/v2\/types\/product"}],"wp:featuredmedia":[{"embeddable":true,"href":"https:\/\/adhotelskaoprema.com\/en\/wp-json\/wp\/v2\/media\/55969"}],"wp:attachment":[{"href":"https:\/\/adhotelskaoprema.com\/en\/wp-json\/wp\/v2\/media?parent=55967"}],"wp:term":[{"taxonomy":"product_brand","embeddable":true,"href":"https:\/\/adhotelskaoprema.com\/en\/wp-json\/wp\/v2\/product_brand?post=55967"},{"taxonomy":"product_cat","embeddable":true,"href":"https:\/\/adhotelskaoprema.com\/en\/wp-json\/wp\/v2\/product_cat?post=55967"},{"taxonomy":"product_tag","embeddable":true,"href":"https:\/\/adhotelskaoprema.com\/en\/wp-json\/wp\/v2\/product_tag?post=55967"}],"curies":[{"name":"wp","href":"https:\/\/api.w.org\/{rel}","templated":true}]}}