{"id":55895,"date":"2024-03-27T10:01:23","date_gmt":"2024-03-27T09:01:23","guid":{"rendered":"https:\/\/adhotelskaoprema.com\/?post_type=product&#038;p=55895"},"modified":"2024-03-28T16:07:55","modified_gmt":"2024-03-28T15:07:55","slug":"vanjska-stolna-lampa-lolita-tl-bijele-boje","status":"publish","type":"product","link":"https:\/\/adhotelskaoprema.com\/en\/proizvod\/vanjska-stolna-lampa-lolita-tl-bijele-boje\/","title":{"rendered":"Vanjska stolna lampa Lolita tl- Bijele boje"},"content":{"rendered":"<p>Stolna lampa na punjive baterije s zavr\u0161nim slojem u bijeloj, sivoj, crnoj ili boji kave. Plasti\u010dna baza.<\/p>\n<p>Metalni okvir. Difuzor od plasti\u010dnog materijala. Trajanje baterije 14 sati. Vrijeme punjenja baterije 7 sati.<\/p>\n<p>Dimenzije: \u00d8 125 x Visina345 mm.<\/p>\n<p>Rok isporuke 15 dana.<\/p>\n","protected":false},"excerpt":{"rendered":"<p>Stolna lampa na punjive baterije s zavr\u0161nim slojem u bijeloj, sivoj, crnoj ili boji kave. Plasti\u010dna baza. Metalni okvir. Difuzor od plasti\u010dnog materijala. Trajanje baterije 14 sati. Vrijeme punjenja baterije 7 sati. Dimenzije: \u00d8 125 x Visina345 mm. Rok isporuke 15 dana.<\/p>\n","protected":false},"featured_media":55896,"template":"","meta":{"_acf_changed":false},"product_brand":[],"product_cat":[290],"product_tag":[],"class_list":{"0":"post-55895","1":"product","2":"type-product","3":"status-publish","4":"has-post-thumbnail","6":"product_cat-vanjska-rasvjeta-stolna","8":"first","9":"instock","10":"sale","11":"taxable","12":"shipping-taxable","13":"purchasable","14":"product-type-simple"},"acf":[],"_links":{"self":[{"href":"https:\/\/adhotelskaoprema.com\/en\/wp-json\/wp\/v2\/product\/55895","targetHints":{"allow":["GET"]}}],"collection":[{"href":"https:\/\/adhotelskaoprema.com\/en\/wp-json\/wp\/v2\/product"}],"about":[{"href":"https:\/\/adhotelskaoprema.com\/en\/wp-json\/wp\/v2\/types\/product"}],"wp:featuredmedia":[{"embeddable":true,"href":"https:\/\/adhotelskaoprema.com\/en\/wp-json\/wp\/v2\/media\/55896"}],"wp:attachment":[{"href":"https:\/\/adhotelskaoprema.com\/en\/wp-json\/wp\/v2\/media?parent=55895"}],"wp:term":[{"taxonomy":"product_brand","embeddable":true,"href":"https:\/\/adhotelskaoprema.com\/en\/wp-json\/wp\/v2\/product_brand?post=55895"},{"taxonomy":"product_cat","embeddable":true,"href":"https:\/\/adhotelskaoprema.com\/en\/wp-json\/wp\/v2\/product_cat?post=55895"},{"taxonomy":"product_tag","embeddable":true,"href":"https:\/\/adhotelskaoprema.com\/en\/wp-json\/wp\/v2\/product_tag?post=55895"}],"curies":[{"name":"wp","href":"https:\/\/api.w.org\/{rel}","templated":true}]}}