{"id":55883,"date":"2024-03-26T18:20:51","date_gmt":"2024-03-26T17:20:51","guid":{"rendered":"https:\/\/adhotelskaoprema.com\/?post_type=product&#038;p=55883"},"modified":"2024-03-28T15:59:18","modified_gmt":"2024-03-28T14:59:18","slug":"stolna-lampa-cream-tl1-d22","status":"publish","type":"product","link":"https:\/\/adhotelskaoprema.com\/en\/proizvod\/stolna-lampa-cream-tl1-d22\/","title":{"rendered":"Stolna lampa Cream tl1 d22"},"content":{"rendered":"<p>Emajlirano kerami\u010dko tijelo s niskom trakom s efektom pijeska. Bijeli difuzor od puhanog stakla ugraviran kiselinom.<\/p>\n<p>Bijeli PVC kabel s prekida\u010dem i utika\u010dem.<\/p>\n<p>Dimenzije: \u00d8 100 x Visina 220 mm.<\/p>\n<p>Rok isporuke 15 dana.<\/p>\n","protected":false},"excerpt":{"rendered":"<p>Emajlirano kerami\u010dko tijelo s niskom trakom s efektom pijeska. Bijeli difuzor od puhanog stakla ugraviran kiselinom. Bijeli PVC kabel s prekida\u010dem i utika\u010dem. Dimenzije: \u00d8 100 x Visina 220 mm. Rok isporuke 15 dana.<\/p>\n","protected":false},"featured_media":55886,"template":"","meta":{"_acf_changed":false},"product_brand":[],"product_cat":[277],"product_tag":[],"class_list":{"0":"post-55883","1":"product","2":"type-product","3":"status-publish","4":"has-post-thumbnail","6":"product_cat-unutarnja-rasvjeta-stolna","8":"first","9":"instock","10":"sale","11":"taxable","12":"shipping-taxable","13":"purchasable","14":"product-type-simple"},"acf":[],"_links":{"self":[{"href":"https:\/\/adhotelskaoprema.com\/en\/wp-json\/wp\/v2\/product\/55883","targetHints":{"allow":["GET"]}}],"collection":[{"href":"https:\/\/adhotelskaoprema.com\/en\/wp-json\/wp\/v2\/product"}],"about":[{"href":"https:\/\/adhotelskaoprema.com\/en\/wp-json\/wp\/v2\/types\/product"}],"wp:featuredmedia":[{"embeddable":true,"href":"https:\/\/adhotelskaoprema.com\/en\/wp-json\/wp\/v2\/media\/55886"}],"wp:attachment":[{"href":"https:\/\/adhotelskaoprema.com\/en\/wp-json\/wp\/v2\/media?parent=55883"}],"wp:term":[{"taxonomy":"product_brand","embeddable":true,"href":"https:\/\/adhotelskaoprema.com\/en\/wp-json\/wp\/v2\/product_brand?post=55883"},{"taxonomy":"product_cat","embeddable":true,"href":"https:\/\/adhotelskaoprema.com\/en\/wp-json\/wp\/v2\/product_cat?post=55883"},{"taxonomy":"product_tag","embeddable":true,"href":"https:\/\/adhotelskaoprema.com\/en\/wp-json\/wp\/v2\/product_tag?post=55883"}],"curies":[{"name":"wp","href":"https:\/\/api.w.org\/{rel}","templated":true}]}}