{"id":55801,"date":"2024-03-26T16:57:29","date_gmt":"2024-03-26T15:57:29","guid":{"rendered":"https:\/\/adhotelskaoprema.com\/?post_type=product&#038;p=55801"},"modified":"2025-01-23T10:38:44","modified_gmt":"2025-01-23T09:38:44","slug":"barska-stolica-07-aquamarine","status":"publish","type":"product","link":"https:\/\/adhotelskaoprema.com\/en\/proizvod\/barska-stolica-07-aquamarine\/","title":{"rendered":"Barska stolica 07 &#8211; Aquamarine"},"content":{"rendered":"<p>Slo\u017eiva barska stolica. Polipropilen oja\u010dan staklenim vlaknima. Kapice protiv klizanja. U potpunosti se mo\u017ee reciklirati. Pogodan za vanjsku i unutarnju upotrebu. UV za\u0161tita. Vrlo lako se \u010disti i dezinficira. Proizvod za javnu i doma\u0107u uporabu.<\/p>\n<p>Dimenzije: visina 95 x \u0161irina 51 x dubina 50 cm.<\/p>\n<p>Rok isporuke 4- 5 tjedana.<\/p>\n","protected":false},"excerpt":{"rendered":"<p>Slo\u017eiva barska stolica. Polipropilen oja\u010dan staklenim vlaknima. Kapice protiv klizanja. U potpunosti se mo\u017ee reciklirati. Pogodan za vanjsku i unutarnju upotrebu. UV za\u0161tita. Vrlo lako se \u010disti i dezinficira. Proizvod za javnu i doma\u0107u uporabu. Dimenzije: visina 95 x \u0161irina 51 x dubina 50 cm. Rok isporuke 4- 5 tjedana.<\/p>\n","protected":false},"featured_media":55853,"template":"","meta":{"_acf_changed":false},"product_brand":[],"product_cat":[325,280],"product_tag":[],"class_list":{"0":"post-55801","1":"product","2":"type-product","3":"status-publish","4":"has-post-thumbnail","6":"product_cat-vanjske-stolice-metalne-i-plasticne-barske","7":"product_cat-vanjske-stolice","9":"first","10":"instock","11":"sale","12":"taxable","13":"shipping-taxable","14":"purchasable","15":"product-type-simple"},"acf":[],"_links":{"self":[{"href":"https:\/\/adhotelskaoprema.com\/en\/wp-json\/wp\/v2\/product\/55801","targetHints":{"allow":["GET"]}}],"collection":[{"href":"https:\/\/adhotelskaoprema.com\/en\/wp-json\/wp\/v2\/product"}],"about":[{"href":"https:\/\/adhotelskaoprema.com\/en\/wp-json\/wp\/v2\/types\/product"}],"wp:featuredmedia":[{"embeddable":true,"href":"https:\/\/adhotelskaoprema.com\/en\/wp-json\/wp\/v2\/media\/55853"}],"wp:attachment":[{"href":"https:\/\/adhotelskaoprema.com\/en\/wp-json\/wp\/v2\/media?parent=55801"}],"wp:term":[{"taxonomy":"product_brand","embeddable":true,"href":"https:\/\/adhotelskaoprema.com\/en\/wp-json\/wp\/v2\/product_brand?post=55801"},{"taxonomy":"product_cat","embeddable":true,"href":"https:\/\/adhotelskaoprema.com\/en\/wp-json\/wp\/v2\/product_cat?post=55801"},{"taxonomy":"product_tag","embeddable":true,"href":"https:\/\/adhotelskaoprema.com\/en\/wp-json\/wp\/v2\/product_tag?post=55801"}],"curies":[{"name":"wp","href":"https:\/\/api.w.org\/{rel}","templated":true}]}}