{"id":55582,"date":"2024-03-26T10:44:37","date_gmt":"2024-03-26T09:44:37","guid":{"rendered":"https:\/\/adhotelskaoprema.com\/?post_type=product&#038;p=55582"},"modified":"2024-03-28T15:28:08","modified_gmt":"2024-03-28T14:28:08","slug":"fotelja-02-pearl-boje","status":"publish","type":"product","link":"https:\/\/adhotelskaoprema.com\/en\/proizvod\/fotelja-02-pearl-boje\/","title":{"rendered":"Fotelja 02 &#8211; Pearl boje"},"content":{"rendered":"<p>Slo\u017eiva fotelja. Polipropilen oja\u010dan staklenim vlaknima. Kapice protiv klizanja. U potpunosti se mo\u017ee reciklirati. Pogodan za vanjsku i unutarnju upotrebu. UV za\u0161tita. Vrlo lako se \u010disti i dezinficira. Proizvod za javnu i doma\u0107u uporabu.<\/p>\n<p>Dimenzije: visina 78 x \u0161irina 58 x dubina 54 cm.<\/p>\n<p>Rok isporuke 4- 5 tjedana.<\/p>\n","protected":false},"excerpt":{"rendered":"<p>Slo\u017eiva fotelja. Polipropilen oja\u010dan staklenim vlaknima. Kapice protiv klizanja. U potpunosti se mo\u017ee reciklirati. Pogodan za vanjsku i unutarnju upotrebu. UV za\u0161tita. Vrlo lako se \u010disti i dezinficira. Proizvod za javnu i doma\u0107u uporabu. Dimenzije: visina 78 x \u0161irina 58 x dubina 54 cm. Rok isporuke 4- 5 tjedana.<\/p>\n","protected":false},"featured_media":55601,"template":"","meta":{"_acf_changed":false},"product_brand":[],"product_cat":[280],"product_tag":[],"class_list":{"0":"post-55582","1":"product","2":"type-product","3":"status-publish","4":"has-post-thumbnail","6":"product_cat-vanjske-stolice","8":"first","9":"instock","10":"sale","11":"taxable","12":"shipping-taxable","13":"purchasable","14":"product-type-simple"},"acf":[],"_links":{"self":[{"href":"https:\/\/adhotelskaoprema.com\/en\/wp-json\/wp\/v2\/product\/55582","targetHints":{"allow":["GET"]}}],"collection":[{"href":"https:\/\/adhotelskaoprema.com\/en\/wp-json\/wp\/v2\/product"}],"about":[{"href":"https:\/\/adhotelskaoprema.com\/en\/wp-json\/wp\/v2\/types\/product"}],"wp:featuredmedia":[{"embeddable":true,"href":"https:\/\/adhotelskaoprema.com\/en\/wp-json\/wp\/v2\/media\/55601"}],"wp:attachment":[{"href":"https:\/\/adhotelskaoprema.com\/en\/wp-json\/wp\/v2\/media?parent=55582"}],"wp:term":[{"taxonomy":"product_brand","embeddable":true,"href":"https:\/\/adhotelskaoprema.com\/en\/wp-json\/wp\/v2\/product_brand?post=55582"},{"taxonomy":"product_cat","embeddable":true,"href":"https:\/\/adhotelskaoprema.com\/en\/wp-json\/wp\/v2\/product_cat?post=55582"},{"taxonomy":"product_tag","embeddable":true,"href":"https:\/\/adhotelskaoprema.com\/en\/wp-json\/wp\/v2\/product_tag?post=55582"}],"curies":[{"name":"wp","href":"https:\/\/api.w.org\/{rel}","templated":true}]}}