{"id":55544,"date":"2024-03-26T10:21:03","date_gmt":"2024-03-26T09:21:03","guid":{"rendered":"https:\/\/adhotelskaoprema.com\/?post_type=product&#038;p=55544"},"modified":"2024-03-28T16:09:59","modified_gmt":"2024-03-28T15:09:59","slug":"vanjska-ugradna-svjetla-park-pt-kvadratna","status":"publish","type":"product","link":"https:\/\/adhotelskaoprema.com\/en\/proizvod\/vanjska-ugradna-svjetla-park-pt-kvadratna\/","title":{"rendered":"Vanjska ugradna svjetla Park pt kvadratna"},"content":{"rendered":"<p>Ugradni reflektor.\u00a0PVC vanjsko tijelo.\u00a0Aluminijska reflektiraju\u0107a parabola.<\/p>\n<p>Glazirani \u010deli\u010dni okvir za postavljanje stakla.\u00a0\u010cisto staklo.<\/p>\n<p>Dimenzije: Du\u017eina 120 x visina 125 x Promjer 120 mm.<\/p>\n<p>Rok isporuke 15 dana.<\/p>\n","protected":false},"excerpt":{"rendered":"<p>Ugradni reflektor.\u00a0PVC vanjsko tijelo.\u00a0Aluminijska reflektiraju\u0107a parabola. Glazirani \u010deli\u010dni okvir za postavljanje stakla.\u00a0\u010cisto staklo. Dimenzije: Du\u017eina 120 x visina 125 x Promjer 120 mm. Rok isporuke 15 dana.<\/p>\n","protected":false},"featured_media":55553,"template":"","meta":{"_acf_changed":false},"product_brand":[],"product_cat":[289],"product_tag":[],"class_list":{"0":"post-55544","1":"product","2":"type-product","3":"status-publish","4":"has-post-thumbnail","6":"product_cat-vanjska-rasvjeta-ugradna-svjetla","8":"first","9":"instock","10":"sale","11":"taxable","12":"shipping-taxable","13":"purchasable","14":"product-type-simple"},"acf":[],"_links":{"self":[{"href":"https:\/\/adhotelskaoprema.com\/en\/wp-json\/wp\/v2\/product\/55544","targetHints":{"allow":["GET"]}}],"collection":[{"href":"https:\/\/adhotelskaoprema.com\/en\/wp-json\/wp\/v2\/product"}],"about":[{"href":"https:\/\/adhotelskaoprema.com\/en\/wp-json\/wp\/v2\/types\/product"}],"wp:featuredmedia":[{"embeddable":true,"href":"https:\/\/adhotelskaoprema.com\/en\/wp-json\/wp\/v2\/media\/55553"}],"wp:attachment":[{"href":"https:\/\/adhotelskaoprema.com\/en\/wp-json\/wp\/v2\/media?parent=55544"}],"wp:term":[{"taxonomy":"product_brand","embeddable":true,"href":"https:\/\/adhotelskaoprema.com\/en\/wp-json\/wp\/v2\/product_brand?post=55544"},{"taxonomy":"product_cat","embeddable":true,"href":"https:\/\/adhotelskaoprema.com\/en\/wp-json\/wp\/v2\/product_cat?post=55544"},{"taxonomy":"product_tag","embeddable":true,"href":"https:\/\/adhotelskaoprema.com\/en\/wp-json\/wp\/v2\/product_tag?post=55544"}],"curies":[{"name":"wp","href":"https:\/\/api.w.org\/{rel}","templated":true}]}}