{"id":55492,"date":"2024-03-26T08:53:47","date_gmt":"2024-03-26T07:53:47","guid":{"rendered":"https:\/\/adhotelskaoprema.com\/?post_type=product&#038;p=55492"},"modified":"2024-03-28T16:10:05","modified_gmt":"2024-03-28T15:10:05","slug":"vanjska-ugradna-lampa-bit-fi-antracit","status":"publish","type":"product","link":"https:\/\/adhotelskaoprema.com\/en\/proizvod\/vanjska-ugradna-lampa-bit-fi-antracit\/","title":{"rendered":"Vanjska ugradna lampa Bit fi- Antracit"},"content":{"rendered":"<p>Udubljeno tijelo izra\u0111eno od tla\u010dno lijevanog aluminija oblo\u017eenog prahom.<\/p>\n<p>Prozirni difuzor od kaljenog stakla.\u00a0Dostupan u antracit ili bijeloj boji.<\/p>\n<p>Dimenzije: Duljina 65 x Visina 70 x \u0160irina 70 mm.<\/p>\n<p>Rok isporuke 15 dana.<\/p>\n","protected":false},"excerpt":{"rendered":"<p>Udubljeno tijelo izra\u0111eno od tla\u010dno lijevanog aluminija oblo\u017eenog prahom. Prozirni difuzor od kaljenog stakla.\u00a0Dostupan u antracit ili bijeloj boji. Dimenzije: Duljina 65 x Visina 70 x \u0160irina 70 mm. Rok isporuke 15 dana.<\/p>\n","protected":false},"featured_media":55493,"template":"","meta":{"_acf_changed":false},"product_brand":[],"product_cat":[289],"product_tag":[],"class_list":{"0":"post-55492","1":"product","2":"type-product","3":"status-publish","4":"has-post-thumbnail","6":"product_cat-vanjska-rasvjeta-ugradna-svjetla","8":"first","9":"instock","10":"sale","11":"taxable","12":"shipping-taxable","13":"purchasable","14":"product-type-simple"},"acf":[],"_links":{"self":[{"href":"https:\/\/adhotelskaoprema.com\/en\/wp-json\/wp\/v2\/product\/55492","targetHints":{"allow":["GET"]}}],"collection":[{"href":"https:\/\/adhotelskaoprema.com\/en\/wp-json\/wp\/v2\/product"}],"about":[{"href":"https:\/\/adhotelskaoprema.com\/en\/wp-json\/wp\/v2\/types\/product"}],"wp:featuredmedia":[{"embeddable":true,"href":"https:\/\/adhotelskaoprema.com\/en\/wp-json\/wp\/v2\/media\/55493"}],"wp:attachment":[{"href":"https:\/\/adhotelskaoprema.com\/en\/wp-json\/wp\/v2\/media?parent=55492"}],"wp:term":[{"taxonomy":"product_brand","embeddable":true,"href":"https:\/\/adhotelskaoprema.com\/en\/wp-json\/wp\/v2\/product_brand?post=55492"},{"taxonomy":"product_cat","embeddable":true,"href":"https:\/\/adhotelskaoprema.com\/en\/wp-json\/wp\/v2\/product_cat?post=55492"},{"taxonomy":"product_tag","embeddable":true,"href":"https:\/\/adhotelskaoprema.com\/en\/wp-json\/wp\/v2\/product_tag?post=55492"}],"curies":[{"name":"wp","href":"https:\/\/api.w.org\/{rel}","templated":true}]}}