{"id":55385,"date":"2024-03-25T14:52:51","date_gmt":"2024-03-25T13:52:51","guid":{"rendered":"https:\/\/adhotelskaoprema.com\/?post_type=product&#038;p=55385"},"modified":"2024-03-28T16:09:00","modified_gmt":"2024-03-28T15:09:00","slug":"vanjka-stropna-lampa-gun-pl1-sive-boje","status":"publish","type":"product","link":"https:\/\/adhotelskaoprema.com\/en\/proizvod\/vanjka-stropna-lampa-gun-pl1-sive-boje\/","title":{"rendered":"Vanjka stropna lampa Gun pl1- Sive boje"},"content":{"rendered":"<p>Aluminijsko tijelo s bru\u0161enom prirodnom zavr\u0161nom obradom ili s lakom ili raznim zavr\u0161nim obradama.<\/p>\n<p>Difuzor od Pyrex stakla.<\/p>\n<p>Dimenzije: \u00d8 110 x Visina 115 mm.<\/p>\n<p>Rok isporuke 15 dana.<\/p>\n","protected":false},"excerpt":{"rendered":"<p>Aluminijsko tijelo s bru\u0161enom prirodnom zavr\u0161nom obradom ili s lakom ili raznim zavr\u0161nim obradama. Difuzor od Pyrex stakla. Dimenzije: \u00d8 110 x Visina 115 mm. Rok isporuke 15 dana.<\/p>\n","protected":false},"featured_media":55391,"template":"","meta":{"_acf_changed":false},"product_brand":[],"product_cat":[287],"product_tag":[],"class_list":{"0":"post-55385","1":"product","2":"type-product","3":"status-publish","4":"has-post-thumbnail","6":"product_cat-vanjska-rasvjeta-stropna","8":"first","9":"instock","10":"sale","11":"taxable","12":"shipping-taxable","13":"purchasable","14":"product-type-simple"},"acf":[],"_links":{"self":[{"href":"https:\/\/adhotelskaoprema.com\/en\/wp-json\/wp\/v2\/product\/55385","targetHints":{"allow":["GET"]}}],"collection":[{"href":"https:\/\/adhotelskaoprema.com\/en\/wp-json\/wp\/v2\/product"}],"about":[{"href":"https:\/\/adhotelskaoprema.com\/en\/wp-json\/wp\/v2\/types\/product"}],"wp:featuredmedia":[{"embeddable":true,"href":"https:\/\/adhotelskaoprema.com\/en\/wp-json\/wp\/v2\/media\/55391"}],"wp:attachment":[{"href":"https:\/\/adhotelskaoprema.com\/en\/wp-json\/wp\/v2\/media?parent=55385"}],"wp:term":[{"taxonomy":"product_brand","embeddable":true,"href":"https:\/\/adhotelskaoprema.com\/en\/wp-json\/wp\/v2\/product_brand?post=55385"},{"taxonomy":"product_cat","embeddable":true,"href":"https:\/\/adhotelskaoprema.com\/en\/wp-json\/wp\/v2\/product_cat?post=55385"},{"taxonomy":"product_tag","embeddable":true,"href":"https:\/\/adhotelskaoprema.com\/en\/wp-json\/wp\/v2\/product_tag?post=55385"}],"curies":[{"name":"wp","href":"https:\/\/api.w.org\/{rel}","templated":true}]}}