{"id":55353,"date":"2024-03-25T14:15:50","date_gmt":"2024-03-25T13:15:50","guid":{"rendered":"https:\/\/adhotelskaoprema.com\/?post_type=product&#038;p=55353"},"modified":"2024-03-28T16:09:03","modified_gmt":"2024-03-28T15:09:03","slug":"vanjska-stropna-lampa-clio-mpl1-sive-boje","status":"publish","type":"product","link":"https:\/\/adhotelskaoprema.com\/en\/proizvod\/vanjska-stropna-lampa-clio-mpl1-sive-boje\/","title":{"rendered":"Vanjska stropna lampa Clio mpl1- Sive boje"},"content":{"rendered":"<p>Modularna armatura s tokarenim aluminijskim okvirom, zavr\u0161nom obradom<\/p>\n<p>antracit, bijele, sive, crne i boje u prahu od kave.\u00a0Plasti\u010dni difuzor s mat bijelom zavr\u0161nom obradom.<\/p>\n<p>Dimenzija: \u00d8 90 x Visina 40 mm.<\/p>\n<p>Rok isporuke 15 dana.<\/p>\n","protected":false},"excerpt":{"rendered":"<p>Modularna armatura s tokarenim aluminijskim okvirom, zavr\u0161nom obradom antracit, bijele, sive, crne i boje u prahu od kave.\u00a0Plasti\u010dni difuzor s mat bijelom zavr\u0161nom obradom. Dimenzija: \u00d8 90 x Visina 40 mm. Rok isporuke 15 dana.<\/p>\n","protected":false},"featured_media":55358,"template":"","meta":{"_acf_changed":false},"product_brand":[],"product_cat":[287],"product_tag":[],"class_list":{"0":"post-55353","1":"product","2":"type-product","3":"status-publish","4":"has-post-thumbnail","6":"product_cat-vanjska-rasvjeta-stropna","8":"first","9":"instock","10":"sale","11":"taxable","12":"shipping-taxable","13":"purchasable","14":"product-type-simple"},"acf":[],"_links":{"self":[{"href":"https:\/\/adhotelskaoprema.com\/en\/wp-json\/wp\/v2\/product\/55353","targetHints":{"allow":["GET"]}}],"collection":[{"href":"https:\/\/adhotelskaoprema.com\/en\/wp-json\/wp\/v2\/product"}],"about":[{"href":"https:\/\/adhotelskaoprema.com\/en\/wp-json\/wp\/v2\/types\/product"}],"wp:featuredmedia":[{"embeddable":true,"href":"https:\/\/adhotelskaoprema.com\/en\/wp-json\/wp\/v2\/media\/55358"}],"wp:attachment":[{"href":"https:\/\/adhotelskaoprema.com\/en\/wp-json\/wp\/v2\/media?parent=55353"}],"wp:term":[{"taxonomy":"product_brand","embeddable":true,"href":"https:\/\/adhotelskaoprema.com\/en\/wp-json\/wp\/v2\/product_brand?post=55353"},{"taxonomy":"product_cat","embeddable":true,"href":"https:\/\/adhotelskaoprema.com\/en\/wp-json\/wp\/v2\/product_cat?post=55353"},{"taxonomy":"product_tag","embeddable":true,"href":"https:\/\/adhotelskaoprema.com\/en\/wp-json\/wp\/v2\/product_tag?post=55353"}],"curies":[{"name":"wp","href":"https:\/\/api.w.org\/{rel}","templated":true}]}}