{"id":55333,"date":"2024-03-25T14:06:14","date_gmt":"2024-03-25T13:06:14","guid":{"rendered":"https:\/\/adhotelskaoprema.com\/?post_type=product&#038;p=55333"},"modified":"2024-03-28T16:09:04","modified_gmt":"2024-03-28T15:09:04","slug":"vanjska-stropna-lampa-luna-pl1-d20","status":"publish","type":"product","link":"https:\/\/adhotelskaoprema.com\/en\/proizvod\/vanjska-stropna-lampa-luna-pl1-d20\/","title":{"rendered":"Vanjska stropna lampa Luna pl1 d20"},"content":{"rendered":"<p><span>Ku\u0107i\u0161te od tokarenog tla\u010dno lijevanog aluminija s premazom u prahu.\u00a0<\/span><\/p>\n<p><span>Plasti\u010dni difuzor opalne boje.<\/span><\/p>\n<p>Dimenzija: Duljina 200 x Visina 220 x Promjer 200 mm.<\/p>\n<p>Rok isporuke 15 dana.<\/p>\n","protected":false},"excerpt":{"rendered":"<p>Ku\u0107i\u0161te od tokarenog tla\u010dno lijevanog aluminija s premazom u prahu.\u00a0 Plasti\u010dni difuzor opalne boje. Dimenzija: Duljina 200 x Visina 220 x Promjer 200 mm. Rok isporuke 15 dana.<\/p>\n","protected":false},"featured_media":55346,"template":"","meta":{"_acf_changed":false},"product_brand":[],"product_cat":[287],"product_tag":[],"class_list":{"0":"post-55333","1":"product","2":"type-product","3":"status-publish","4":"has-post-thumbnail","6":"product_cat-vanjska-rasvjeta-stropna","8":"first","9":"instock","10":"sale","11":"taxable","12":"shipping-taxable","13":"purchasable","14":"product-type-simple"},"acf":[],"_links":{"self":[{"href":"https:\/\/adhotelskaoprema.com\/en\/wp-json\/wp\/v2\/product\/55333","targetHints":{"allow":["GET"]}}],"collection":[{"href":"https:\/\/adhotelskaoprema.com\/en\/wp-json\/wp\/v2\/product"}],"about":[{"href":"https:\/\/adhotelskaoprema.com\/en\/wp-json\/wp\/v2\/types\/product"}],"wp:featuredmedia":[{"embeddable":true,"href":"https:\/\/adhotelskaoprema.com\/en\/wp-json\/wp\/v2\/media\/55346"}],"wp:attachment":[{"href":"https:\/\/adhotelskaoprema.com\/en\/wp-json\/wp\/v2\/media?parent=55333"}],"wp:term":[{"taxonomy":"product_brand","embeddable":true,"href":"https:\/\/adhotelskaoprema.com\/en\/wp-json\/wp\/v2\/product_brand?post=55333"},{"taxonomy":"product_cat","embeddable":true,"href":"https:\/\/adhotelskaoprema.com\/en\/wp-json\/wp\/v2\/product_cat?post=55333"},{"taxonomy":"product_tag","embeddable":true,"href":"https:\/\/adhotelskaoprema.com\/en\/wp-json\/wp\/v2\/product_tag?post=55333"}],"curies":[{"name":"wp","href":"https:\/\/api.w.org\/{rel}","templated":true}]}}