{"id":55226,"date":"2024-03-24T13:33:58","date_gmt":"2024-03-24T12:33:58","guid":{"rendered":"https:\/\/adhotelskaoprema.com\/?post_type=product&#038;p=55226"},"modified":"2024-03-28T15:59:28","modified_gmt":"2024-03-28T14:59:28","slug":"stolna-lampa-chalet-tl1","status":"publish","type":"product","link":"https:\/\/adhotelskaoprema.com\/en\/proizvod\/stolna-lampa-chalet-tl1\/","title":{"rendered":"Stolna lampa Chalet tl1"},"content":{"rendered":"<p><span>Metalni okvir i nosiva konstrukcija.\u00a0<\/span><span>Ru\u010dno izra\u0111eni i ru\u010dno oslikani ukrasni elementi od smole.\u00a0<\/span><\/p>\n<p><span>To\u010dna reprodukcija rogova i rezbarenog drveta.<\/span><\/p>\n<p>Dimenzije: \u00d8 410 x Visina 650 mm.<\/p>\n<p>Rok isporuke 15 dana.<\/p>\n","protected":false},"excerpt":{"rendered":"<p>Metalni okvir i nosiva konstrukcija.\u00a0Ru\u010dno izra\u0111eni i ru\u010dno oslikani ukrasni elementi od smole.\u00a0 To\u010dna reprodukcija rogova i rezbarenog drveta. Dimenzije: \u00d8 410 x Visina 650 mm. Rok isporuke 15 dana.<\/p>\n","protected":false},"featured_media":55227,"template":"","meta":{"_acf_changed":false},"product_brand":[],"product_cat":[277],"product_tag":[],"class_list":{"0":"post-55226","1":"product","2":"type-product","3":"status-publish","4":"has-post-thumbnail","6":"product_cat-unutarnja-rasvjeta-stolna","8":"first","9":"instock","10":"sale","11":"taxable","12":"shipping-taxable","13":"purchasable","14":"product-type-simple"},"acf":[],"_links":{"self":[{"href":"https:\/\/adhotelskaoprema.com\/en\/wp-json\/wp\/v2\/product\/55226","targetHints":{"allow":["GET"]}}],"collection":[{"href":"https:\/\/adhotelskaoprema.com\/en\/wp-json\/wp\/v2\/product"}],"about":[{"href":"https:\/\/adhotelskaoprema.com\/en\/wp-json\/wp\/v2\/types\/product"}],"wp:featuredmedia":[{"embeddable":true,"href":"https:\/\/adhotelskaoprema.com\/en\/wp-json\/wp\/v2\/media\/55227"}],"wp:attachment":[{"href":"https:\/\/adhotelskaoprema.com\/en\/wp-json\/wp\/v2\/media?parent=55226"}],"wp:term":[{"taxonomy":"product_brand","embeddable":true,"href":"https:\/\/adhotelskaoprema.com\/en\/wp-json\/wp\/v2\/product_brand?post=55226"},{"taxonomy":"product_cat","embeddable":true,"href":"https:\/\/adhotelskaoprema.com\/en\/wp-json\/wp\/v2\/product_cat?post=55226"},{"taxonomy":"product_tag","embeddable":true,"href":"https:\/\/adhotelskaoprema.com\/en\/wp-json\/wp\/v2\/product_tag?post=55226"}],"curies":[{"name":"wp","href":"https:\/\/api.w.org\/{rel}","templated":true}]}}