{"id":55191,"date":"2024-03-22T14:01:26","date_gmt":"2024-03-22T13:01:26","guid":{"rendered":"https:\/\/adhotelskaoprema.com\/?post_type=product&#038;p=55191"},"modified":"2024-03-28T15:59:30","modified_gmt":"2024-03-28T14:59:30","slug":"stolna-lampa-opera-tl1","status":"publish","type":"product","link":"https:\/\/adhotelskaoprema.com\/en\/proizvod\/stolna-lampa-opera-tl1\/","title":{"rendered":"Stolna lampa Opera tl1"},"content":{"rendered":"<p><span>Kromirani okvir.\u00a0<\/span><span>Sjenilo od PVC folije presvu\u010deno metalik filamentnima. <\/span><span>Privjesci od bru\u0161enog kristala.<\/span><\/p>\n<p>Dimenzija: \u00d8 250 x Visina 520 mm.<\/p>\n<p>Rok isporuke 15 dana.<\/p>\n","protected":false},"excerpt":{"rendered":"<p>Kromirani okvir.\u00a0Sjenilo od PVC folije presvu\u010deno metalik filamentnima. Privjesci od bru\u0161enog kristala. Dimenzija: \u00d8 250 x Visina 520 mm. Rok isporuke 15 dana.<\/p>\n","protected":false},"featured_media":55192,"template":"","meta":{"_acf_changed":false},"product_brand":[],"product_cat":[277],"product_tag":[],"class_list":{"0":"post-55191","1":"product","2":"type-product","3":"status-publish","4":"has-post-thumbnail","6":"product_cat-unutarnja-rasvjeta-stolna","8":"first","9":"instock","10":"sale","11":"taxable","12":"shipping-taxable","13":"purchasable","14":"product-type-simple"},"acf":[],"_links":{"self":[{"href":"https:\/\/adhotelskaoprema.com\/en\/wp-json\/wp\/v2\/product\/55191","targetHints":{"allow":["GET"]}}],"collection":[{"href":"https:\/\/adhotelskaoprema.com\/en\/wp-json\/wp\/v2\/product"}],"about":[{"href":"https:\/\/adhotelskaoprema.com\/en\/wp-json\/wp\/v2\/types\/product"}],"wp:featuredmedia":[{"embeddable":true,"href":"https:\/\/adhotelskaoprema.com\/en\/wp-json\/wp\/v2\/media\/55192"}],"wp:attachment":[{"href":"https:\/\/adhotelskaoprema.com\/en\/wp-json\/wp\/v2\/media?parent=55191"}],"wp:term":[{"taxonomy":"product_brand","embeddable":true,"href":"https:\/\/adhotelskaoprema.com\/en\/wp-json\/wp\/v2\/product_brand?post=55191"},{"taxonomy":"product_cat","embeddable":true,"href":"https:\/\/adhotelskaoprema.com\/en\/wp-json\/wp\/v2\/product_cat?post=55191"},{"taxonomy":"product_tag","embeddable":true,"href":"https:\/\/adhotelskaoprema.com\/en\/wp-json\/wp\/v2\/product_tag?post=55191"}],"curies":[{"name":"wp","href":"https:\/\/api.w.org\/{rel}","templated":true}]}}