{"id":55183,"date":"2024-03-22T13:55:22","date_gmt":"2024-03-22T12:55:22","guid":{"rendered":"https:\/\/adhotelskaoprema.com\/?post_type=product&#038;p=55183"},"modified":"2024-03-28T15:59:31","modified_gmt":"2024-03-28T14:59:31","slug":"stolna-lampa-set-up-mtl1-bijele-boje","status":"publish","type":"product","link":"https:\/\/adhotelskaoprema.com\/en\/proizvod\/stolna-lampa-set-up-mtl1-bijele-boje\/","title":{"rendered":"Stolna lampa Set up mtl1- Bijele boje"},"content":{"rendered":"<p><span>Metalni okviri oblo\u017eeni prahom ili presvu\u010deni.\u00a0<\/span><span>Aba\u017euri od vatrostalnog PVC-a presvu\u010deni tkaninom.\u00a0<\/span><\/p>\n<p><span>Boje okvira: bijela, crna, saten nikal ili bru\u0161eni mesing.\u00a0<\/span><span>Boje aba\u017eura: be\u017e, golubinje siva, bijela ili crna.<\/span><\/p>\n<p>Dimenzije: \u00d8 145 x Visina 235 mm.<\/p>\n<p>Rok isporuke 15 dana.<\/p>\n","protected":false},"excerpt":{"rendered":"<p>Metalni okviri oblo\u017eeni prahom ili presvu\u010deni.\u00a0Aba\u017euri od vatrostalnog PVC-a presvu\u010deni tkaninom.\u00a0 Boje okvira: bijela, crna, saten nikal ili bru\u0161eni mesing.\u00a0Boje aba\u017eura: be\u017e, golubinje siva, bijela ili crna. Dimenzije: \u00d8 145 x Visina 235 mm. Rok isporuke 15 dana.<\/p>\n","protected":false},"featured_media":55186,"template":"","meta":{"_acf_changed":false},"product_brand":[],"product_cat":[277],"product_tag":[],"class_list":{"0":"post-55183","1":"product","2":"type-product","3":"status-publish","4":"has-post-thumbnail","6":"product_cat-unutarnja-rasvjeta-stolna","8":"first","9":"instock","10":"sale","11":"taxable","12":"shipping-taxable","13":"purchasable","14":"product-type-simple"},"acf":[],"_links":{"self":[{"href":"https:\/\/adhotelskaoprema.com\/en\/wp-json\/wp\/v2\/product\/55183","targetHints":{"allow":["GET"]}}],"collection":[{"href":"https:\/\/adhotelskaoprema.com\/en\/wp-json\/wp\/v2\/product"}],"about":[{"href":"https:\/\/adhotelskaoprema.com\/en\/wp-json\/wp\/v2\/types\/product"}],"wp:featuredmedia":[{"embeddable":true,"href":"https:\/\/adhotelskaoprema.com\/en\/wp-json\/wp\/v2\/media\/55186"}],"wp:attachment":[{"href":"https:\/\/adhotelskaoprema.com\/en\/wp-json\/wp\/v2\/media?parent=55183"}],"wp:term":[{"taxonomy":"product_brand","embeddable":true,"href":"https:\/\/adhotelskaoprema.com\/en\/wp-json\/wp\/v2\/product_brand?post=55183"},{"taxonomy":"product_cat","embeddable":true,"href":"https:\/\/adhotelskaoprema.com\/en\/wp-json\/wp\/v2\/product_cat?post=55183"},{"taxonomy":"product_tag","embeddable":true,"href":"https:\/\/adhotelskaoprema.com\/en\/wp-json\/wp\/v2\/product_tag?post=55183"}],"curies":[{"name":"wp","href":"https:\/\/api.w.org\/{rel}","templated":true}]}}