{"id":55155,"date":"2024-03-22T13:09:36","date_gmt":"2024-03-22T12:09:36","guid":{"rendered":"https:\/\/adhotelskaoprema.com\/?post_type=product&#038;p=55155"},"modified":"2024-03-28T15:59:34","modified_gmt":"2024-03-28T14:59:34","slug":"podna-lampa-mapa-tl1-d20","status":"publish","type":"product","link":"https:\/\/adhotelskaoprema.com\/en\/proizvod\/podna-lampa-mapa-tl1-d20\/","title":{"rendered":"Stolna lampa Mapa tl1 d20"},"content":{"rendered":"<p>Bijela metalna baza i sustav pri\u010dvr\u0161\u0107ivanja.\u00a0Sferi\u010dni difuzor od bijelog<\/p>\n<p>puhanog kiselinom ugraviranog stakla.<\/p>\n<p>Dimenzija: \u00d8 200 x Visina 210 mm.<\/p>\n<p>Rok isporuke 15 dana.<\/p>\n","protected":false},"excerpt":{"rendered":"<p>Bijela metalna baza i sustav pri\u010dvr\u0161\u0107ivanja.\u00a0Sferi\u010dni difuzor od bijelog puhanog kiselinom ugraviranog stakla. Dimenzija: \u00d8 200 x Visina 210 mm. Rok isporuke 15 dana.<\/p>\n","protected":false},"featured_media":55159,"template":"","meta":{"_acf_changed":false},"product_brand":[],"product_cat":[277],"product_tag":[],"class_list":{"0":"post-55155","1":"product","2":"type-product","3":"status-publish","4":"has-post-thumbnail","6":"product_cat-unutarnja-rasvjeta-stolna","8":"first","9":"instock","10":"sale","11":"taxable","12":"shipping-taxable","13":"purchasable","14":"product-type-simple"},"acf":[],"_links":{"self":[{"href":"https:\/\/adhotelskaoprema.com\/en\/wp-json\/wp\/v2\/product\/55155","targetHints":{"allow":["GET"]}}],"collection":[{"href":"https:\/\/adhotelskaoprema.com\/en\/wp-json\/wp\/v2\/product"}],"about":[{"href":"https:\/\/adhotelskaoprema.com\/en\/wp-json\/wp\/v2\/types\/product"}],"wp:featuredmedia":[{"embeddable":true,"href":"https:\/\/adhotelskaoprema.com\/en\/wp-json\/wp\/v2\/media\/55159"}],"wp:attachment":[{"href":"https:\/\/adhotelskaoprema.com\/en\/wp-json\/wp\/v2\/media?parent=55155"}],"wp:term":[{"taxonomy":"product_brand","embeddable":true,"href":"https:\/\/adhotelskaoprema.com\/en\/wp-json\/wp\/v2\/product_brand?post=55155"},{"taxonomy":"product_cat","embeddable":true,"href":"https:\/\/adhotelskaoprema.com\/en\/wp-json\/wp\/v2\/product_cat?post=55155"},{"taxonomy":"product_tag","embeddable":true,"href":"https:\/\/adhotelskaoprema.com\/en\/wp-json\/wp\/v2\/product_tag?post=55155"}],"curies":[{"name":"wp","href":"https:\/\/api.w.org\/{rel}","templated":true}]}}