{"id":55005,"date":"2024-03-21T16:10:16","date_gmt":"2024-03-21T15:10:16","guid":{"rendered":"https:\/\/adhotelskaoprema.com\/?post_type=product&#038;p=55005"},"modified":"2024-03-25T13:00:17","modified_gmt":"2024-03-25T12:00:17","slug":"podna-lampa-comfort-pt-3000k-crne-boje","status":"publish","type":"product","link":"https:\/\/adhotelskaoprema.com\/en\/proizvod\/podna-lampa-comfort-pt-3000k-crne-boje\/","title":{"rendered":"Podna lampa Comfort pt 3000k- Crne boje"},"content":{"rendered":"<p>Aluminijski okvir oblo\u017een prahom. Poli karbonatni\u00a0difuzor opalne boje protiv odsjaja.<\/p>\n<p>Emisija svjetlosti prema gore i dolje.\u00a0Prekida\u010d sa dimerom, senzorom svjetla, USB uti\u010dnicom.<\/p>\n<p>PVC kabel, sa utika\u010dem.\u00a0Dostupne zavr\u0161ne obrade: bijela ili crna.<\/p>\n<p>Dimenzija: Duljina 340 x Visina 1950 x Promjer 720 mm.<\/p>\n<p>Rok isporuke 15 dana.<\/p>\n","protected":false},"excerpt":{"rendered":"<p>Aluminijski okvir oblo\u017een prahom. Poli karbonatni\u00a0difuzor opalne boje protiv odsjaja. Emisija svjetlosti prema gore i dolje.\u00a0Prekida\u010d sa dimerom, senzorom svjetla, USB uti\u010dnicom. PVC kabel, sa utika\u010dem.\u00a0Dostupne zavr\u0161ne obrade: bijela ili crna. Dimenzija: Duljina 340 x Visina 1950 x Promjer 720 mm. Rok isporuke 15 dana.<\/p>\n","protected":false},"featured_media":55008,"template":"","meta":{"_acf_changed":false},"product_brand":[],"product_cat":[278],"product_tag":[],"class_list":{"0":"post-55005","1":"product","2":"type-product","3":"status-publish","4":"has-post-thumbnail","6":"product_cat-unutarnja-rasvjeta-podna","8":"first","9":"instock","10":"sale","11":"taxable","12":"shipping-taxable","13":"purchasable","14":"product-type-simple"},"acf":[],"_links":{"self":[{"href":"https:\/\/adhotelskaoprema.com\/en\/wp-json\/wp\/v2\/product\/55005","targetHints":{"allow":["GET"]}}],"collection":[{"href":"https:\/\/adhotelskaoprema.com\/en\/wp-json\/wp\/v2\/product"}],"about":[{"href":"https:\/\/adhotelskaoprema.com\/en\/wp-json\/wp\/v2\/types\/product"}],"wp:featuredmedia":[{"embeddable":true,"href":"https:\/\/adhotelskaoprema.com\/en\/wp-json\/wp\/v2\/media\/55008"}],"wp:attachment":[{"href":"https:\/\/adhotelskaoprema.com\/en\/wp-json\/wp\/v2\/media?parent=55005"}],"wp:term":[{"taxonomy":"product_brand","embeddable":true,"href":"https:\/\/adhotelskaoprema.com\/en\/wp-json\/wp\/v2\/product_brand?post=55005"},{"taxonomy":"product_cat","embeddable":true,"href":"https:\/\/adhotelskaoprema.com\/en\/wp-json\/wp\/v2\/product_cat?post=55005"},{"taxonomy":"product_tag","embeddable":true,"href":"https:\/\/adhotelskaoprema.com\/en\/wp-json\/wp\/v2\/product_tag?post=55005"}],"curies":[{"name":"wp","href":"https:\/\/api.w.org\/{rel}","templated":true}]}}