{"id":54961,"date":"2024-03-21T14:48:20","date_gmt":"2024-03-21T13:48:20","guid":{"rendered":"https:\/\/adhotelskaoprema.com\/?post_type=product&#038;p=54961"},"modified":"2024-03-25T13:00:23","modified_gmt":"2024-03-25T12:00:23","slug":"podna-lampa-easy-pt-bijela-boja","status":"publish","type":"product","link":"https:\/\/adhotelskaoprema.com\/en\/proizvod\/podna-lampa-easy-pt-bijela-boja\/","title":{"rendered":"Podna lampa Easy pt- Bijela boja"},"content":{"rendered":"<p><span>Mat lakirani ili pozla\u0107eni metalni okvir.\u00a0<\/span><span>Podesivi difuzor sa satenskom akrilnom optikom.<\/span><\/p>\n<p><span>\u00a0<\/span><span>PVC kabel s prekida\u010dem i pokreta\u010dem integriranim na utika\u010du.\u00a0<\/span><span>Zavr\u0161eci: bijela, crna, bru\u0161eni mesing.<\/span><\/p>\n<p>Dimenzija: Duljina 220 x Visina 1280 x Promjer 490 mm.<\/p>\n<p>Rok isporuke 15 dana.<\/p>\n","protected":false},"excerpt":{"rendered":"<p>Mat lakirani ili pozla\u0107eni metalni okvir.\u00a0Podesivi difuzor sa satenskom akrilnom optikom. \u00a0PVC kabel s prekida\u010dem i pokreta\u010dem integriranim na utika\u010du.\u00a0Zavr\u0161eci: bijela, crna, bru\u0161eni mesing. Dimenzija: Duljina 220 x Visina 1280 x Promjer 490 mm. Rok isporuke 15 dana.<\/p>\n","protected":false},"featured_media":54964,"template":"","meta":{"_acf_changed":false},"product_brand":[],"product_cat":[278],"product_tag":[],"class_list":{"0":"post-54961","1":"product","2":"type-product","3":"status-publish","4":"has-post-thumbnail","6":"product_cat-unutarnja-rasvjeta-podna","8":"first","9":"instock","10":"sale","11":"taxable","12":"shipping-taxable","13":"purchasable","14":"product-type-simple"},"acf":[],"_links":{"self":[{"href":"https:\/\/adhotelskaoprema.com\/en\/wp-json\/wp\/v2\/product\/54961","targetHints":{"allow":["GET"]}}],"collection":[{"href":"https:\/\/adhotelskaoprema.com\/en\/wp-json\/wp\/v2\/product"}],"about":[{"href":"https:\/\/adhotelskaoprema.com\/en\/wp-json\/wp\/v2\/types\/product"}],"wp:featuredmedia":[{"embeddable":true,"href":"https:\/\/adhotelskaoprema.com\/en\/wp-json\/wp\/v2\/media\/54964"}],"wp:attachment":[{"href":"https:\/\/adhotelskaoprema.com\/en\/wp-json\/wp\/v2\/media?parent=54961"}],"wp:term":[{"taxonomy":"product_brand","embeddable":true,"href":"https:\/\/adhotelskaoprema.com\/en\/wp-json\/wp\/v2\/product_brand?post=54961"},{"taxonomy":"product_cat","embeddable":true,"href":"https:\/\/adhotelskaoprema.com\/en\/wp-json\/wp\/v2\/product_cat?post=54961"},{"taxonomy":"product_tag","embeddable":true,"href":"https:\/\/adhotelskaoprema.com\/en\/wp-json\/wp\/v2\/product_tag?post=54961"}],"curies":[{"name":"wp","href":"https:\/\/api.w.org\/{rel}","templated":true}]}}