{"id":54889,"date":"2024-03-21T11:24:57","date_gmt":"2024-03-21T10:24:57","guid":{"rendered":"https:\/\/adhotelskaoprema.com\/?post_type=product&#038;p=54889"},"modified":"2024-03-25T13:00:28","modified_gmt":"2024-03-25T12:00:28","slug":"podna-lampa-firenze-pt1-zlatna-boja","status":"publish","type":"product","link":"https:\/\/adhotelskaoprema.com\/en\/proizvod\/podna-lampa-firenze-pt1-zlatna-boja\/","title":{"rendered":"Podna lampa Firenze pt1- Zlatna boja"},"content":{"rendered":"<p>Tijelo od smole s ru\u010dno modeliranim metalnim rukama.<\/p>\n<p>Ru\u010dno ukra\u0161en zlatnim listi\u0107ima i antiknim efektom.<\/p>\n<p>Dimenzija: \u00d8 420 x Visina 1650 mm.<\/p>\n<p>Rok isporuke 15 dana.<\/p>\n","protected":false},"excerpt":{"rendered":"<p>Tijelo od smole s ru\u010dno modeliranim metalnim rukama. Ru\u010dno ukra\u0161en zlatnim listi\u0107ima i antiknim efektom. Dimenzija: \u00d8 420 x Visina 1650 mm. Rok isporuke 15 dana.<\/p>\n","protected":false},"featured_media":54892,"template":"","meta":{"_acf_changed":false},"product_brand":[],"product_cat":[278],"product_tag":[],"class_list":{"0":"post-54889","1":"product","2":"type-product","3":"status-publish","4":"has-post-thumbnail","6":"product_cat-unutarnja-rasvjeta-podna","8":"first","9":"instock","10":"sale","11":"taxable","12":"shipping-taxable","13":"purchasable","14":"product-type-simple"},"acf":[],"_links":{"self":[{"href":"https:\/\/adhotelskaoprema.com\/en\/wp-json\/wp\/v2\/product\/54889","targetHints":{"allow":["GET"]}}],"collection":[{"href":"https:\/\/adhotelskaoprema.com\/en\/wp-json\/wp\/v2\/product"}],"about":[{"href":"https:\/\/adhotelskaoprema.com\/en\/wp-json\/wp\/v2\/types\/product"}],"wp:featuredmedia":[{"embeddable":true,"href":"https:\/\/adhotelskaoprema.com\/en\/wp-json\/wp\/v2\/media\/54892"}],"wp:attachment":[{"href":"https:\/\/adhotelskaoprema.com\/en\/wp-json\/wp\/v2\/media?parent=54889"}],"wp:term":[{"taxonomy":"product_brand","embeddable":true,"href":"https:\/\/adhotelskaoprema.com\/en\/wp-json\/wp\/v2\/product_brand?post=54889"},{"taxonomy":"product_cat","embeddable":true,"href":"https:\/\/adhotelskaoprema.com\/en\/wp-json\/wp\/v2\/product_cat?post=54889"},{"taxonomy":"product_tag","embeddable":true,"href":"https:\/\/adhotelskaoprema.com\/en\/wp-json\/wp\/v2\/product_tag?post=54889"}],"curies":[{"name":"wp","href":"https:\/\/api.w.org\/{rel}","templated":true}]}}