{"id":54750,"date":"2024-03-20T09:52:42","date_gmt":"2024-03-20T08:52:42","guid":{"rendered":"https:\/\/adhotelskaoprema.com\/?post_type=product&#038;p=54750"},"modified":"2024-03-25T13:00:39","modified_gmt":"2024-03-25T12:00:39","slug":"podna-lampa-look-pt1-bijela","status":"publish","type":"product","link":"https:\/\/adhotelskaoprema.com\/en\/proizvod\/podna-lampa-look-pt1-bijela\/","title":{"rendered":"Podna lampa Look pt1- Bijela"},"content":{"rendered":"<p><span>Metalno postolje oblo\u017eeno prahom i aluminijsko tijelo.\u00a0<\/span><span>Difuzori od prozirnog stakla.\u00a0<\/span><\/p>\n<p><span>PVC kabel.\u00a0<\/span><span>Prizemni pokreta\u010d s prigu\u0161iva\u010dem.\u00a0<\/span><span>Zavr\u0161ne obrade: bijela, crna.<\/span><\/p>\n<p>Dimenzija: \u00d8 300 x Visina 1800 mm.<\/p>\n<p>Rok isporuke 15 dana.<\/p>\n","protected":false},"excerpt":{"rendered":"<p>Metalno postolje oblo\u017eeno prahom i aluminijsko tijelo.\u00a0Difuzori od prozirnog stakla.\u00a0 PVC kabel.\u00a0Prizemni pokreta\u010d s prigu\u0161iva\u010dem.\u00a0Zavr\u0161ne obrade: bijela, crna. Dimenzija: \u00d8 300 x Visina 1800 mm. Rok isporuke 15 dana.<\/p>\n","protected":false},"featured_media":54752,"template":"","meta":{"_acf_changed":false},"product_brand":[],"product_cat":[278],"product_tag":[],"class_list":{"0":"post-54750","1":"product","2":"type-product","3":"status-publish","4":"has-post-thumbnail","6":"product_cat-unutarnja-rasvjeta-podna","8":"first","9":"instock","10":"sale","11":"taxable","12":"shipping-taxable","13":"purchasable","14":"product-type-simple"},"acf":[],"_links":{"self":[{"href":"https:\/\/adhotelskaoprema.com\/en\/wp-json\/wp\/v2\/product\/54750","targetHints":{"allow":["GET"]}}],"collection":[{"href":"https:\/\/adhotelskaoprema.com\/en\/wp-json\/wp\/v2\/product"}],"about":[{"href":"https:\/\/adhotelskaoprema.com\/en\/wp-json\/wp\/v2\/types\/product"}],"wp:featuredmedia":[{"embeddable":true,"href":"https:\/\/adhotelskaoprema.com\/en\/wp-json\/wp\/v2\/media\/54752"}],"wp:attachment":[{"href":"https:\/\/adhotelskaoprema.com\/en\/wp-json\/wp\/v2\/media?parent=54750"}],"wp:term":[{"taxonomy":"product_brand","embeddable":true,"href":"https:\/\/adhotelskaoprema.com\/en\/wp-json\/wp\/v2\/product_brand?post=54750"},{"taxonomy":"product_cat","embeddable":true,"href":"https:\/\/adhotelskaoprema.com\/en\/wp-json\/wp\/v2\/product_cat?post=54750"},{"taxonomy":"product_tag","embeddable":true,"href":"https:\/\/adhotelskaoprema.com\/en\/wp-json\/wp\/v2\/product_tag?post=54750"}],"curies":[{"name":"wp","href":"https:\/\/api.w.org\/{rel}","templated":true}]}}