{"id":54337,"date":"2024-03-19T09:52:47","date_gmt":"2024-03-19T08:52:47","guid":{"rendered":"https:\/\/adhotelskaoprema.com\/?post_type=product&#038;p=54337"},"modified":"2024-03-25T14:32:05","modified_gmt":"2024-03-25T13:32:05","slug":"suncobran-10-o-25-m-bijele-boje","status":"publish","type":"product","link":"https:\/\/adhotelskaoprema.com\/en\/proizvod\/suncobran-10-o-25-m-bijele-boje\/","title":{"rendered":"Suncobran 10, \u00f8 2,5 M &#8211; Bijele boje"},"content":{"rendered":"<p>Aluminijski suncobran. 8 rebara od staklenih vlakana (8 mm). Tkanina je izra\u0111ena od polipropilenske tkanine koja je masovno obojena tijekom po\u010detnog procesa. To osigurava visoku otpornost na sun\u010devu svjetlost jer se boja u niti tkanine postavlja intenzivnije od ostalih postupaka. UV standard 801 ocjena UPF 80, koji jam\u010di za\u0161titu ko\u017ee od negativnih u\u010dinaka UV zraka na ko\u017eu. Vodootporna, otporna na mrlje i 100 % tkanina koja se mo\u017ee reciklirati. tkanina je te\u017eine 190 gr. Baza nije uklju\u010dena u cijenu. Vrlo lako se \u010disti i dezinficira. Koristiti na stabilnim i ravnim povr\u0161inama. Proizvod za javnu i doma\u0107u uporabu.<\/p>\n<p>Preporu\u010dena baza za ovaj suncobran je Baza 1, baze mo\u017eete odabrati na web shopu u kategoriji baze za suncobrane.<\/p>\n<p>Za boje tkanine po \u017eelji molimo napraviti narud\u017ebu na e mail \u2013\u00a0 info@adhotelskaoprema.com<\/p>\n<p>Dimenzije: visina 246 x \u0161irina 250 x dubina 250 cm.<\/p>\n<p>Rok isporuke 5 tjedana.<\/p>\n","protected":false},"excerpt":{"rendered":"<p>Aluminijski suncobran. 8 rebara od staklenih vlakana (8 mm). Tkanina je izra\u0111ena od polipropilenske tkanine koja je masovno obojena tijekom po\u010detnog procesa. To osigurava visoku otpornost na sun\u010devu svjetlost jer se boja u niti tkanine postavlja intenzivnije od ostalih postupaka. UV standard 801 ocjena UPF 80, koji jam\u010di za\u0161titu ko\u017ee od negativnih u\u010dinaka UV zraka [&hellip;]<\/p>\n","protected":false},"featured_media":54378,"template":"","meta":{"_acf_changed":false},"product_brand":[],"product_cat":[211],"product_tag":[],"class_list":{"0":"post-54337","1":"product","2":"type-product","3":"status-publish","4":"has-post-thumbnail","6":"product_cat-suncobrani","8":"first","9":"instock","10":"sale","11":"taxable","12":"shipping-taxable","13":"purchasable","14":"product-type-simple"},"acf":[],"_links":{"self":[{"href":"https:\/\/adhotelskaoprema.com\/en\/wp-json\/wp\/v2\/product\/54337","targetHints":{"allow":["GET"]}}],"collection":[{"href":"https:\/\/adhotelskaoprema.com\/en\/wp-json\/wp\/v2\/product"}],"about":[{"href":"https:\/\/adhotelskaoprema.com\/en\/wp-json\/wp\/v2\/types\/product"}],"wp:featuredmedia":[{"embeddable":true,"href":"https:\/\/adhotelskaoprema.com\/en\/wp-json\/wp\/v2\/media\/54378"}],"wp:attachment":[{"href":"https:\/\/adhotelskaoprema.com\/en\/wp-json\/wp\/v2\/media?parent=54337"}],"wp:term":[{"taxonomy":"product_brand","embeddable":true,"href":"https:\/\/adhotelskaoprema.com\/en\/wp-json\/wp\/v2\/product_brand?post=54337"},{"taxonomy":"product_cat","embeddable":true,"href":"https:\/\/adhotelskaoprema.com\/en\/wp-json\/wp\/v2\/product_cat?post=54337"},{"taxonomy":"product_tag","embeddable":true,"href":"https:\/\/adhotelskaoprema.com\/en\/wp-json\/wp\/v2\/product_tag?post=54337"}],"curies":[{"name":"wp","href":"https:\/\/api.w.org\/{rel}","templated":true}]}}